{"id":81,"date":"2023-10-07T17:25:46","date_gmt":"2023-10-07T15:25:46","guid":{"rendered":"https:\/\/pmrobots.com\/?page_id=81"},"modified":"2023-12-28T15:31:25","modified_gmt":"2023-12-28T14:31:25","slug":"industries","status":"publish","type":"page","link":"https:\/\/pmrobots.com\/de\/industries\/","title":{"rendered":"BRANCHEN"},"content":{"rendered":"<div class=\"section-wrapper\" data-id=\"lKwDSH\"><section class=\"wp-block-gutenverse-section guten-element guten-section guten-lKwDSH layout-boxed align-stretch\"><div class=\"guten-background-overlay\"><\/div><div class=\"guten-shape-divider guten-shape-divider-top\"><\/div><div class=\"guten-shape-divider guten-shape-divider-bottom\"><\/div><div class=\"guten-container guten-column-gap-default\">\n<div class=\"wp-block-gutenverse-column guten-element guten-column guten-t5rWh8\"><div class=\"guten-background-overlay\"><\/div><div class=\"sticky-wrapper\" data-id=\"t5rWh8\"><div class=\"guten-column-wrapper\">\n<div class=\"section-wrapper\" data-id=\"Bgvx4a\"><section class=\"wp-block-gutenverse-section guten-element guten-section guten-Bgvx4a layout-boxed align-stretch\"><div class=\"guten-background-overlay\"><\/div><div class=\"guten-shape-divider guten-shape-divider-top\"><\/div><div class=\"guten-shape-divider guten-shape-divider-bottom\"><\/div><div class=\"guten-container guten-column-gap-no\">\n<div class=\"wp-block-gutenverse-column guten-element guten-column guten-XEuYwL\"><div class=\"guten-background-overlay\"><\/div><div class=\"sticky-wrapper\" data-id=\"XEuYwL\"><div class=\"guten-column-wrapper\">\n<div class=\"guten-element guten-advanced-heading guten-KHSfxT animated guten-element-hide desktop-fadeInLeft\"><div class=\"heading-section\"><div class=\"heading-line before\"><\/div><h2 class=\"heading-title\">Anwendungs-gebiete<span class=\"heading-focus\"><\/span><\/h2><\/div><span class=\"heading-subtitle\">Dies sind die Branchen, in denen unsere L\u00f6sungen die Prozesse deutlich verbessern k\u00f6nnen.<\/span><\/div>\n<\/div><\/div><\/div>\n\n\n\n<div class=\"wp-block-gutenverse-column guten-element guten-column guten-q9yoDb hide-mobile\"><div class=\"guten-background-overlay\"><\/div><div class=\"sticky-wrapper\" data-id=\"q9yoDb\"><div class=\"guten-column-wrapper\"><\/div><\/div><\/div>\n<\/div><\/section><\/div>\n\n\n\n<div class=\"section-wrapper\" data-id=\"CaWO7Y\"><section class=\"wp-block-gutenverse-section guten-element guten-section guten-CaWO7Y layout-boxed align-stretch\"><div class=\"guten-background-overlay\"><\/div><div class=\"guten-shape-divider guten-shape-divider-top\"><\/div><div class=\"guten-shape-divider guten-shape-divider-bottom\"><\/div><div class=\"guten-container guten-column-gap-no\">\n<div class=\"wp-block-gutenverse-column guten-element guten-column guten-2CRPf2\"><div class=\"guten-background-overlay\"><\/div><div class=\"sticky-wrapper\" data-id=\"2CRPf2\"><div class=\"guten-column-wrapper\">\n<div class=\"guten-element guten-KpSsnF animated guten-element-hide desktop-fadeInUp guten-icon-box icon-position-undefined\"><div class=\"guten-icon-box-wrapper hover-from-left\"><div class=\"icon-box icon-box-header\"><div class=\"icon style-color\"><a class=\"\" href=\"https:\/\/pmrobots.com\/de\/solutions\/\"><i class=\"gtn gtn-car-light\"><\/i><\/a><\/div><\/div><div class=\"icon-box icon-box-body\"><a class=\"\" href=\"https:\/\/pmrobots.com\/de\/solutions\/\"><h3 class=\"title\">Automobil- <br>industrie<\/h3><\/a><p class=\"icon-box-description\">OEM, TIER1, TIER2 und TIER3<\/p><\/div><\/div><\/div>\n<\/div><\/div><\/div>\n\n\n\n<div class=\"wp-block-gutenverse-column guten-element guten-column guten-Cu1S5f\"><div class=\"guten-background-overlay\"><\/div><div class=\"sticky-wrapper\" data-id=\"Cu1S5f\"><div class=\"guten-column-wrapper\">\n<div class=\"guten-element guten-0m3Pig animated guten-element-hide desktop-fadeInUp guten-icon-box icon-position-undefined\"><div class=\"guten-icon-box-wrapper hover-from-left\"><div class=\"icon-box icon-box-header\"><div class=\"icon style-color\"><a class=\"\" href=\"https:\/\/pmrobots.com\/de\/solutions\/\"><i class=\"gtn gtn-sewing-machine-light\"><\/i><\/a><\/div><\/div><div class=\"icon-box icon-box-body\"><a class=\"\" href=\"https:\/\/pmrobots.com\/de\/solutions\/\"><h3 class=\"title\">Mechanical manufacturing<\/h3><\/a><p class=\"icon-box-description\">Roboter- und Systemhersteller<\/p><\/div><\/div><\/div>\n<\/div><\/div><\/div>\n\n\n\n<div class=\"wp-block-gutenverse-column guten-element guten-column guten-xYw2KT\"><div class=\"guten-background-overlay\"><\/div><div class=\"sticky-wrapper\" data-id=\"xYw2KT\"><div class=\"guten-column-wrapper\">\n<div class=\"guten-element guten-zsZK50 animated guten-element-hide desktop-fadeInUp guten-icon-box icon-position-undefined\"><div class=\"guten-icon-box-wrapper hover-from-left\"><div class=\"icon-box icon-box-header\"><div class=\"icon style-color\"><a class=\"\" href=\"https:\/\/pmrobots.com\/de\/solutions\/\"><i class=\"gtn gtn-engine-light\"><\/i><\/a><\/div><\/div><div class=\"icon-box icon-box-body\"><a class=\"\" href=\"https:\/\/pmrobots.com\/de\/solutions\/\"><h3 class=\"title\">Hersteller von Bauteilen<\/h3><\/a><p class=\"icon-box-description\">Enge Toleranzen und Wettbewerbsszenarien<\/p><\/div><\/div><\/div>\n<\/div><\/div><\/div>\n<\/div><\/section><\/div>\n\n\n\n<div class=\"section-wrapper\" data-id=\"eDxgQx\"><section class=\"wp-block-gutenverse-section guten-element guten-section guten-eDxgQx layout-boxed align-stretch\"><div class=\"guten-background-overlay\"><\/div><div class=\"guten-shape-divider guten-shape-divider-top\"><\/div><div class=\"guten-shape-divider guten-shape-divider-bottom\"><\/div><div class=\"guten-container guten-column-gap-no\">\n<div class=\"wp-block-gutenverse-column guten-element guten-column guten-MWYLHi\"><div class=\"guten-background-overlay\"><\/div><div class=\"sticky-wrapper\" data-id=\"MWYLHi\"><div class=\"guten-column-wrapper\">\n<div class=\"guten-element guten-l1bzSs animated guten-element-hide desktop-fadeInUp guten-icon-box icon-position-undefined\"><div class=\"guten-icon-box-wrapper hover-from-left\"><div class=\"icon-box icon-box-header\"><div class=\"icon style-color\"><a class=\"\" href=\"https:\/\/pmrobots.com\/de\/solutions\/\"><i class=\"fas fa-rocket\"><\/i><\/a><\/div><\/div><div class=\"icon-box icon-box-body\"><a class=\"\" href=\"https:\/\/pmrobots.com\/de\/solutions\/\"><h3 class=\"title\">Luft- und Raumfahrt<\/h3><\/a><p class=\"icon-box-description\">Gro\u00dfe und Gigateile und Fuzzy-Prozesse<\/p><\/div><\/div><\/div>\n<\/div><\/div><\/div>\n\n\n\n<div class=\"wp-block-gutenverse-column guten-element guten-column guten-agbdfg\"><div class=\"guten-background-overlay\"><\/div><div class=\"sticky-wrapper\" data-id=\"agbdfg\"><div class=\"guten-column-wrapper\">\n<div class=\"guten-element guten-eBv7Ra animated guten-element-hide desktop-fadeInUp guten-icon-box icon-position-undefined\"><div class=\"guten-icon-box-wrapper hover-from-left\"><div class=\"icon-box icon-box-header\"><div class=\"icon style-color\"><a class=\"\" href=\"https:\/\/pmrobots.com\/de\/solutions\/\"><i class=\"fas fa-laptop-medical\"><\/i><\/a><\/div><\/div><div class=\"icon-box icon-box-body\"><a class=\"\" href=\"https:\/\/pmrobots.com\/de\/solutions\/\"><h3 class=\"title\">Verteidigung und Medizin<\/h3><\/a><p class=\"icon-box-description\">Fuzzy-Prozesse f\u00fcr mittlere Seriengr\u00f6\u00dfen<\/p><\/div><\/div><\/div>\n<\/div><\/div><\/div>\n\n\n\n<div class=\"wp-block-gutenverse-column guten-element guten-column guten-SUKomn\"><div class=\"guten-background-overlay\"><\/div><div class=\"sticky-wrapper\" data-id=\"SUKomn\"><div class=\"guten-column-wrapper\">\n<div class=\"guten-element guten-FQasIv animated guten-element-hide desktop-fadeInUp guten-icon-box icon-position-undefined\"><div class=\"guten-icon-box-wrapper hover-from-left\"><div class=\"icon-box icon-box-header\"><div class=\"icon style-color\"><a class=\"\" href=\"https:\/\/pmrobots.com\/de\/solutions\/\"><i class=\"fas fa-car-battery\"><\/i><\/a><\/div><\/div><div class=\"icon-box icon-box-body\"><a class=\"\" href=\"https:\/\/pmrobots.com\/de\/solutions\/\"><h3 class=\"title\">E-Mobilit\u00e4t<\/h3><\/a><p class=\"icon-box-description\">Enge Toleranzen f\u00fcr mittelgro\u00dfe, gro\u00dfe und giga-gro\u00dfe Werkst\u00fccke <\/p><\/div><\/div><\/div>\n<\/div><\/div><\/div>\n<\/div><\/section><\/div>\n<\/div><\/div><\/div>\n<\/div><\/section><\/div>","protected":false},"excerpt":{"rendered":"","protected":false},"author":1,"featured_media":0,"parent":0,"menu_order":0,"comment_status":"closed","ping_status":"closed","template":"wp-custom-template-industrias","meta":{"jetpack_post_was_ever_published":true,"footnotes":""},"class_list":["post-81","page","type-page","status-publish","hentry"],"jetpack-related-posts":[],"jetpack_sharing_enabled":true,"_links":{"self":[{"href":"https:\/\/pmrobots.com\/de\/wp-json\/wp\/v2\/pages\/81","targetHints":{"allow":["GET"]}}],"collection":[{"href":"https:\/\/pmrobots.com\/de\/wp-json\/wp\/v2\/pages"}],"about":[{"href":"https:\/\/pmrobots.com\/de\/wp-json\/wp\/v2\/types\/page"}],"author":[{"embeddable":true,"href":"https:\/\/pmrobots.com\/de\/wp-json\/wp\/v2\/users\/1"}],"replies":[{"embeddable":true,"href":"https:\/\/pmrobots.com\/de\/wp-json\/wp\/v2\/comments?post=81"}],"version-history":[{"count":20,"href":"https:\/\/pmrobots.com\/de\/wp-json\/wp\/v2\/pages\/81\/revisions"}],"predecessor-version":[{"id":1838,"href":"https:\/\/pmrobots.com\/de\/wp-json\/wp\/v2\/pages\/81\/revisions\/1838"}],"wp:attachment":[{"href":"https:\/\/pmrobots.com\/de\/wp-json\/wp\/v2\/media?parent=81"}],"curies":[{"name":"wp","href":"https:\/\/api.w.org\/{rel}","templated":true}]}}