{"id":327,"date":"2023-10-28T12:33:37","date_gmt":"2023-10-28T10:33:37","guid":{"rendered":"https:\/\/pmrobots.com\/?page_id=327"},"modified":"2023-12-28T15:27:41","modified_gmt":"2023-12-28T14:27:41","slug":"consulting","status":"publish","type":"page","link":"https:\/\/pmrobots.com\/de\/consulting\/","title":{"rendered":"PM2CaS"},"content":{"rendered":"<div class=\"section-wrapper\" data-id=\"z9Xm7d\"><section class=\"wp-block-gutenverse-section guten-element guten-section guten-z9Xm7d layout-boxed align-stretch\"><div class=\"guten-background-overlay\"><\/div><div class=\"guten-shape-divider guten-shape-divider-top\"><\/div><div class=\"guten-shape-divider guten-shape-divider-bottom\"><\/div><div class=\"guten-container guten-column-gap-default\">\n<div class=\"wp-block-gutenverse-column guten-element guten-column guten-oEerYA\"><div class=\"guten-background-overlay\"><\/div><div class=\"sticky-wrapper\" data-id=\"oEerYA\"><div class=\"guten-column-wrapper\">\n<div class=\"section-wrapper\" data-id=\"cIb3kj\"><section class=\"wp-block-gutenverse-section guten-element guten-section guten-cIb3kj layout-boxed align-stretch\"><div class=\"guten-background-overlay\"><\/div><div class=\"guten-shape-divider guten-shape-divider-top\"><\/div><div class=\"guten-shape-divider guten-shape-divider-bottom\"><\/div><div class=\"guten-container guten-column-gap-no\">\n<div class=\"wp-block-gutenverse-column guten-element guten-column guten-iKOMMC\"><div class=\"guten-background-overlay\"><\/div><div class=\"sticky-wrapper\" data-id=\"iKOMMC\"><div class=\"guten-column-wrapper\">\n<div class=\"guten-element guten-advanced-heading guten-PDDxFf animated guten-element-hide desktop-fadeInLeft\"><div class=\"heading-section\"><div class=\"heading-line before\"><\/div><h2 class=\"heading-title\">Premium management 2<span class=\"heading-focus\"> consulting as a service<\/span><\/h2><\/div><span class=\"heading-subtitle\">Beratungsdienstleistungen in den Bereichen Forschung und Entwicklung, Engineering und industrielles Projektmanagement von 0 bis zur Umsetzung.<\/span><\/div>\n<\/div><\/div><\/div>\n\n\n\n<div class=\"wp-block-gutenverse-column guten-element guten-column guten-K5M2jx hide-mobile\"><div class=\"guten-background-overlay\"><\/div><div class=\"sticky-wrapper\" data-id=\"K5M2jx\"><div class=\"guten-column-wrapper\"><\/div><\/div><\/div>\n<\/div><\/section><\/div>\n\n\n\n<div class=\"section-wrapper\" data-id=\"2l4D8j\"><section class=\"wp-block-gutenverse-section guten-element guten-section guten-2l4D8j layout-boxed align-stretch\"><div class=\"guten-background-overlay\"><\/div><div class=\"guten-shape-divider guten-shape-divider-top\"><\/div><div class=\"guten-shape-divider guten-shape-divider-bottom\"><\/div><div class=\"guten-container guten-column-gap-no\">\n<div class=\"wp-block-gutenverse-column guten-element guten-column guten-tItiIU\"><div class=\"guten-background-overlay\"><\/div><div class=\"sticky-wrapper\" data-id=\"tItiIU\"><div class=\"guten-column-wrapper\">\n<div class=\"guten-element guten-59Mvh9 animated guten-element-hide desktop-fadeInUp guten-icon-box icon-position-undefined\"><div class=\"guten-icon-box-wrapper hover-from-left\"><div class=\"icon-box icon-box-header\"><div class=\"icon style-color\"><a class=\"\" href=\"#cas_process\"><i class=\"fas fa-industry\"><\/i><\/a><\/div><\/div><div class=\"icon-box icon-box-body\"><a class=\"\" href=\"#cas_process\"><h3 class=\"title\">Prozess<\/h3><\/a><p class=\"icon-box-description\">Vollst\u00e4ndige Prozessdefinition<\/p><\/div><\/div><\/div>\n<\/div><\/div><\/div>\n\n\n\n<div class=\"wp-block-gutenverse-column guten-element guten-column guten-ID6Q6U\"><div class=\"guten-background-overlay\"><\/div><div class=\"sticky-wrapper\" data-id=\"ID6Q6U\"><div class=\"guten-column-wrapper\">\n<div class=\"guten-element guten-Zmdlvs animated guten-element-hide desktop-fadeInUp guten-icon-box icon-position-undefined\"><div class=\"guten-icon-box-wrapper hover-from-left\"><div class=\"icon-box icon-box-header\"><div class=\"icon style-color\"><a class=\"\" href=\"#cas_research\"><i class=\"fas fa-th\"><\/i><\/a><\/div><\/div><div class=\"icon-box icon-box-body\"><a class=\"\" href=\"#cas_research\"><h3 class=\"title\">Forschung<\/h3><\/a><p class=\"icon-box-description\">Produktionsberechnungstabelle und Modelle<\/p><\/div><\/div><\/div>\n<\/div><\/div><\/div>\n\n\n\n<div class=\"wp-block-gutenverse-column guten-element guten-column guten-7kSJkI\"><div class=\"guten-background-overlay\"><\/div><div class=\"sticky-wrapper\" data-id=\"7kSJkI\"><div class=\"guten-column-wrapper\">\n<div class=\"guten-element guten-Q2xRWE animated guten-element-hide desktop-fadeInUp guten-icon-box icon-position-undefined\"><div class=\"guten-icon-box-wrapper hover-from-left\"><div class=\"icon-box icon-box-header\"><div class=\"icon style-color\"><a class=\"\" href=\"#cas_optimisation\"><i class=\"fas fa-gem\"><\/i><\/a><\/div><\/div><div class=\"icon-box icon-box-body\"><a class=\"\" href=\"#cas_optimisation\"><h3 class=\"title\">Optimierung<\/h3><\/a><p class=\"icon-box-description\">Optimierung von Produkten und Prozessen<\/p><\/div><\/div><\/div>\n<\/div><\/div><\/div>\n<\/div><\/section><\/div>\n\n\n\n<div class=\"section-wrapper\" data-id=\"YfLNHZ\"><section class=\"wp-block-gutenverse-section guten-element guten-section guten-YfLNHZ layout-boxed align-stretch\"><div class=\"guten-background-overlay\"><\/div><div class=\"guten-shape-divider guten-shape-divider-top\"><\/div><div class=\"guten-shape-divider guten-shape-divider-bottom\"><\/div><div class=\"guten-container guten-column-gap-no\">\n<div class=\"wp-block-gutenverse-column guten-element guten-column guten-KJgP8L\"><div class=\"guten-background-overlay\"><\/div><div class=\"sticky-wrapper\" data-id=\"KJgP8L\"><div class=\"guten-column-wrapper\">\n<div class=\"guten-element guten-16YApw animated guten-element-hide desktop-fadeInUp guten-icon-box icon-position-undefined\"><div class=\"guten-icon-box-wrapper hover-from-left\"><div class=\"icon-box icon-box-header\"><div class=\"icon style-color\"><a class=\"\" href=\"#cas_development\"><i class=\"fas fa-brain\"><\/i><\/a><\/div><\/div><div class=\"icon-box icon-box-body\"><a class=\"\" href=\"#cas_development\"><h3 class=\"title\">Entwicklung<\/h3><\/a><p class=\"icon-box-description\">Entwicklung von Produkten<\/p><\/div><\/div><\/div>\n<\/div><\/div><\/div>\n\n\n\n<div class=\"wp-block-gutenverse-column guten-element guten-column guten-OH9bPJ animated guten-element-hide desktop-fadeInUp\"><div class=\"guten-background-overlay\"><\/div><div class=\"sticky-wrapper\" data-id=\"OH9bPJ\"><div class=\"guten-column-wrapper\">\n<div class=\"guten-element guten-PIoali animated guten-element-hide desktop-fadeInUp guten-icon-box icon-position-undefined\"><div class=\"guten-icon-box-wrapper hover-from-left\"><div class=\"icon-box icon-box-header\"><div class=\"icon style-color\"><a class=\"\" href=\"#cas_impact\"><i class=\"fas fa-euro-sign\"><\/i><\/a><\/div><\/div><div class=\"icon-box icon-box-body\"><a class=\"\" href=\"#cas_impact\"><h3 class=\"title\">Auswirkungen<\/h3><\/a><p class=\"icon-box-description\">Kostenanalyse<\/p><\/div><\/div><\/div>\n<\/div><\/div><\/div>\n\n\n\n<div class=\"wp-block-gutenverse-column guten-element guten-column guten-gxxASI\"><div class=\"guten-background-overlay\"><\/div><div class=\"sticky-wrapper\" data-id=\"gxxASI\"><div class=\"guten-column-wrapper\">\n<div class=\"guten-element guten-5s5vjO animated guten-element-hide desktop-fadeInUp guten-icon-box icon-position-undefined\"><div class=\"guten-icon-box-wrapper hover-from-left\"><div class=\"icon-box icon-box-header\"><div class=\"icon style-color\"><a class=\"\" href=\"#cas_decisionmaking\"><i class=\"fas fa-cubes\"><\/i><\/a><\/div><\/div><div class=\"icon-box icon-box-body\"><a class=\"\" href=\"#cas_decisionmaking\"><h3 class=\"title\">Entscheidungs-findung<\/h3><\/a><p class=\"icon-box-description\">Entscheidungsfindung auf der Grundlage n-dimensionaler Matrizen <\/p><\/div><\/div><\/div>\n<\/div><\/div><\/div>\n<\/div><\/section><\/div>\n<\/div><\/div><\/div>\n<\/div><\/section><\/div>\n\n\n\n<div class=\"section-wrapper\" data-id=\"8lvN3h\"><section class=\"wp-block-gutenverse-section guten-element guten-section guten-8lvN3h layout-boxed align-stretch\"><div class=\"guten-background-overlay\"><\/div><div class=\"guten-shape-divider guten-shape-divider-top\"><\/div><div class=\"guten-shape-divider guten-shape-divider-bottom\"><\/div><div class=\"guten-container guten-column-gap-default\">\n<div class=\"wp-block-gutenverse-column guten-element guten-column guten-1dvBK5\" id=\"cas_process\"><div class=\"guten-background-overlay\"><\/div><div class=\"sticky-wrapper\" data-id=\"1dvBK5\"><div class=\"guten-column-wrapper\">\n<div class=\"section-wrapper\" data-id=\"GF5PGo\"><section class=\"wp-block-gutenverse-section guten-element guten-section guten-GF5PGo layout-boxed align-stretch\"><div class=\"guten-background-overlay\"><\/div><div class=\"guten-shape-divider guten-shape-divider-top\"><\/div><div class=\"guten-shape-divider guten-shape-divider-bottom\"><\/div><div class=\"guten-container guten-column-gap-no\">\n<div class=\"wp-block-gutenverse-column guten-element guten-column guten-d20TOm animated guten-element-hide desktop-fadeInLeft\"><div class=\"guten-background-overlay\"><\/div><div class=\"sticky-wrapper\" data-id=\"d20TOm\"><div class=\"guten-column-wrapper\">\n<div class=\"guten-element guten-spacer guten-wAsn9m\"><\/div>\n<\/div><\/div><\/div>\n\n\n\n<div class=\"wp-block-gutenverse-column guten-element guten-column guten-k14i1s\"><div class=\"guten-background-overlay\"><\/div><div class=\"sticky-wrapper\" data-id=\"k14i1s\"><div class=\"guten-column-wrapper\">\n<h2 class=\"wp-block-gutenverse-heading guten-element guten-O2uGkC animated guten-element-hide desktop-fadeInRight\">Prozess <\/h2>\n\n\n\n<div class=\"guten-element gutenverse-text-editor guten-ywqxb8 animated guten-element-hide desktop-fadeInRight\"><div class=\"text-content-inner\">\n<p class=\"has-zeever-third-color has-text-color\">Definition des Gesamtprozesses auf der Grundlage der Kundenspezifikationen, der Unternehmenssituation und der Qualifikation der verf\u00fcgbaren Humanressourcen. Detaillierte Aufschl\u00fcsselung nach Phasen, CAPEX und spezifischen Tooling, Taktzeiten, OEE und Qualit\u00e4tsraten.<\/p>\n<\/div><\/div>\n<\/div><\/div><\/div>\n<\/div><\/section><\/div>\n<\/div><\/div><\/div>\n<\/div><\/section><\/div>\n\n\n\n<div class=\"section-wrapper\" data-id=\"GMxEe7\"><section class=\"wp-block-gutenverse-section guten-element guten-section guten-GMxEe7 layout-boxed align-stretch\"><div class=\"guten-background-overlay\"><\/div><div class=\"guten-shape-divider guten-shape-divider-top\"><\/div><div class=\"guten-shape-divider guten-shape-divider-bottom\"><\/div><div class=\"guten-container guten-column-gap-default\">\n<div class=\"wp-block-gutenverse-column guten-element guten-column guten-dim3rA\" id=\"cas_research\"><div class=\"guten-background-overlay\"><\/div><div class=\"sticky-wrapper\" data-id=\"dim3rA\"><div class=\"guten-column-wrapper\">\n<div class=\"section-wrapper\" data-id=\"eJbNxx\"><section class=\"wp-block-gutenverse-section guten-element guten-section guten-eJbNxx layout-boxed align-stretch\"><div class=\"guten-background-overlay\"><\/div><div class=\"guten-shape-divider guten-shape-divider-top\"><\/div><div class=\"guten-shape-divider guten-shape-divider-bottom\"><\/div><div class=\"guten-container guten-column-gap-no\">\n<div class=\"wp-block-gutenverse-column guten-element guten-column guten-TUaGb8\"><div class=\"guten-background-overlay\"><\/div><div class=\"sticky-wrapper\" data-id=\"TUaGb8\"><div class=\"guten-column-wrapper\">\n<h2 class=\"wp-block-gutenverse-heading guten-element guten-fmLXyW animated guten-element-hide desktop-fadeInLeft\">Forschung<\/h2>\n\n\n\n<div class=\"guten-element gutenverse-text-editor guten-8WLVQf animated guten-element-hide desktop-fadeInLeft\"><div class=\"text-content-inner\">\n<p class=\"has-zeever-third-color has-text-color\">Berechnung von Tabellen und Modellen, Entwicklung und Umsetzung (Vorhersage der Taktzeiten f\u00fcr das Gie\u00dfen, Taktzeiten f\u00fcr die Bearbeitung, Roboterbewegungen, Bewegungen der Schneidwerkzeuge). Verwendung von fortgeschrittenen Algorithmen und Modellen (AAM), die auf nichtlinearen Gleichungen basieren. Einsatz fortgeschrittener statistischer Vorhersagemethoden und fortgeschrittener Methoden der k\u00fcnstlichen Intelligenz nach dem neuesten Stand der Technik im Bereich des \u00fcberwachten, un\u00fcberwachten und verst\u00e4rkten Lernens.<\/p>\n<\/div><\/div>\n<\/div><\/div><\/div>\n\n\n\n<div class=\"wp-block-gutenverse-column guten-element guten-column guten-rh7UCw animated guten-element-hide desktop-fadeInRight\"><div class=\"guten-background-overlay\"><\/div><div class=\"sticky-wrapper\" data-id=\"rh7UCw\"><div class=\"guten-column-wrapper\">\n<div class=\"guten-element guten-spacer guten-2mePZm\"><\/div>\n<\/div><\/div><\/div>\n<\/div><\/section><\/div>\n<\/div><\/div><\/div>\n<\/div><\/section><\/div>\n\n\n\n<div class=\"section-wrapper\" data-id=\"GLihrg\"><section class=\"wp-block-gutenverse-section guten-element guten-section guten-GLihrg layout-boxed align-stretch\"><div class=\"guten-background-overlay\"><\/div><div class=\"guten-shape-divider guten-shape-divider-top\"><\/div><div class=\"guten-shape-divider guten-shape-divider-bottom\"><\/div><div class=\"guten-container guten-column-gap-default\">\n<div class=\"wp-block-gutenverse-column guten-element guten-column guten-zUQNdO\" id=\"cas_optimisation\"><div class=\"guten-background-overlay\"><\/div><div class=\"sticky-wrapper\" data-id=\"zUQNdO\"><div class=\"guten-column-wrapper\">\n<div class=\"section-wrapper\" data-id=\"YiknsW\"><section class=\"wp-block-gutenverse-section guten-element guten-section guten-YiknsW layout-boxed align-stretch\"><div class=\"guten-background-overlay\"><\/div><div class=\"guten-shape-divider guten-shape-divider-top\"><\/div><div class=\"guten-shape-divider guten-shape-divider-bottom\"><\/div><div class=\"guten-container guten-column-gap-no\">\n<div class=\"wp-block-gutenverse-column guten-element guten-column guten-P9kJ9b animated guten-element-hide desktop-fadeInLeft\"><div class=\"guten-background-overlay\"><\/div><div class=\"sticky-wrapper\" data-id=\"P9kJ9b\"><div class=\"guten-column-wrapper\">\n<div class=\"guten-element guten-spacer guten-1jmQKq\"><\/div>\n<\/div><\/div><\/div>\n\n\n\n<div class=\"wp-block-gutenverse-column guten-element guten-column guten-dHVrEu\"><div class=\"guten-background-overlay\"><\/div><div class=\"sticky-wrapper\" data-id=\"dHVrEu\"><div class=\"guten-column-wrapper\">\n<h2 class=\"wp-block-gutenverse-heading guten-element guten-ZQ5H6l animated guten-element-hide desktop-fadeInRight\">Optimierung <\/h2>\n\n\n\n<div class=\"guten-element gutenverse-text-editor guten-FqaTNs animated guten-element-hide desktop-fadeInRight\"><div class=\"text-content-inner\">\n<p class=\"has-zeever-third-color has-text-color\">Strategische Optimierung von Parametern, Prozesswegen und Prozessen. Vorschl\u00e4ge zur Produkt- und Prozessverbesserung. Modellierung der Machbarkeit neuer Operationen mit engen Toleranzen. Optimierung von Toleranzen, \u00dcbertragung von Bearbeitungsphasen auf die Gie\u00dfphase. Anpassung der laufenden Prozesse an neue Projekte. Analyse und Bestimmung der optimalen Produkt- und Systemkosten, Verbesserung des Designs und Optimierung der Kapazit\u00e4tsauslastung (Prozesse, Maschinen, Automatisierung, Ausr\u00fcstung, Werkzeuge).<\/p>\n<\/div><\/div>\n<\/div><\/div><\/div>\n<\/div><\/section><\/div>\n<\/div><\/div><\/div>\n<\/div><\/section><\/div>\n\n\n\n<div class=\"section-wrapper\" data-id=\"ya6ByR\"><section class=\"wp-block-gutenverse-section guten-element guten-section guten-ya6ByR layout-boxed align-stretch\"><div class=\"guten-background-overlay\"><\/div><div class=\"guten-shape-divider guten-shape-divider-top\"><\/div><div class=\"guten-shape-divider guten-shape-divider-bottom\"><\/div><div class=\"guten-container guten-column-gap-default\">\n<div class=\"wp-block-gutenverse-column guten-element guten-column guten-ycGUbf\" id=\"cas_development\"><div class=\"guten-background-overlay\"><\/div><div class=\"sticky-wrapper\" data-id=\"ycGUbf\"><div class=\"guten-column-wrapper\">\n<div class=\"section-wrapper\" data-id=\"bxSeuB\"><section class=\"wp-block-gutenverse-section guten-element guten-section guten-bxSeuB layout-boxed align-stretch\"><div class=\"guten-background-overlay\"><\/div><div class=\"guten-shape-divider guten-shape-divider-top\"><\/div><div class=\"guten-shape-divider guten-shape-divider-bottom\"><\/div><div class=\"guten-container guten-column-gap-no\">\n<div class=\"wp-block-gutenverse-column guten-element guten-column guten-VxoVNS\"><div class=\"guten-background-overlay\"><\/div><div class=\"sticky-wrapper\" data-id=\"VxoVNS\"><div class=\"guten-column-wrapper\">\n<h2 class=\"wp-block-gutenverse-heading guten-element guten-FoprrN animated guten-element-hide desktop-fadeInLeft\">Entwicklung<\/h2>\n\n\n\n<div class=\"guten-element gutenverse-text-editor guten-f1R5Zc animated guten-element-hide desktop-fadeInLeft\"><div class=\"text-content-inner\">\n<p class=\"has-zeever-third-color has-text-color\">Produktentwicklung mit dem Kunden und Optimierung bis zur Industrialisierung.<\/p>\n<\/div><\/div>\n<\/div><\/div><\/div>\n\n\n\n<div class=\"wp-block-gutenverse-column guten-element guten-column guten-0ShDXd animated guten-element-hide desktop-fadeInRight\"><div class=\"guten-background-overlay\"><\/div><div class=\"sticky-wrapper\" data-id=\"0ShDXd\"><div class=\"guten-column-wrapper\">\n<div class=\"guten-element guten-spacer guten-2Et44x\"><\/div>\n<\/div><\/div><\/div>\n<\/div><\/section><\/div>\n<\/div><\/div><\/div>\n<\/div><\/section><\/div>\n\n\n\n<div class=\"section-wrapper\" data-id=\"JcF2t9\"><section class=\"wp-block-gutenverse-section guten-element guten-section guten-JcF2t9 layout-boxed align-stretch\"><div class=\"guten-background-overlay\"><\/div><div class=\"guten-shape-divider guten-shape-divider-top\"><\/div><div class=\"guten-shape-divider guten-shape-divider-bottom\"><\/div><div class=\"guten-container guten-column-gap-default\">\n<div class=\"wp-block-gutenverse-column guten-element guten-column guten-HugR2q\" id=\"cas_impact\"><div class=\"guten-background-overlay\"><\/div><div class=\"sticky-wrapper\" data-id=\"HugR2q\"><div class=\"guten-column-wrapper\">\n<div class=\"section-wrapper\" data-id=\"aOK2V6\"><section class=\"wp-block-gutenverse-section guten-element guten-section guten-aOK2V6 layout-boxed align-stretch\"><div class=\"guten-background-overlay\"><\/div><div class=\"guten-shape-divider guten-shape-divider-top\"><\/div><div class=\"guten-shape-divider guten-shape-divider-bottom\"><\/div><div class=\"guten-container guten-column-gap-no\">\n<div class=\"wp-block-gutenverse-column guten-element guten-column guten-Oyrrwb animated guten-element-hide desktop-fadeInLeft\"><div class=\"guten-background-overlay\"><\/div><div class=\"sticky-wrapper\" data-id=\"Oyrrwb\"><div class=\"guten-column-wrapper\">\n<div class=\"guten-element guten-spacer guten-JTX082\"><\/div>\n<\/div><\/div><\/div>\n\n\n\n<div class=\"wp-block-gutenverse-column guten-element guten-column guten-MnqnHy\"><div class=\"guten-background-overlay\"><\/div><div class=\"sticky-wrapper\" data-id=\"MnqnHy\"><div class=\"guten-column-wrapper\">\n<h2 class=\"wp-block-gutenverse-heading guten-element guten-f60CzV animated guten-element-hide desktop-fadeInRight\">Auswirkungen <\/h2>\n\n\n\n<div class=\"guten-element gutenverse-text-editor guten-hiPXqD animated guten-element-hide desktop-fadeInRight\"><div class=\"text-content-inner\">\n<p class=\"has-zeever-third-color has-text-color\">Preisfindung und Kostenaufschl\u00fcsselung f\u00fcr das Teil auf der Grundlage der Angebotsanfrage des Kunden, um den Gesamtpreis des Teils sowie die Projektinvestition zu ermitteln. Kalkulation der Produktkosten auf der Grundlage der geplanten Konstruktion, der Serie und der erforderlichen Kapazit\u00e4ten.<\/p>\n<\/div><\/div>\n<\/div><\/div><\/div>\n<\/div><\/section><\/div>\n<\/div><\/div><\/div>\n<\/div><\/section><\/div>\n\n\n\n<div class=\"section-wrapper\" data-id=\"l8jUyS\"><section class=\"wp-block-gutenverse-section guten-element guten-section guten-l8jUyS layout-boxed align-stretch\"><div class=\"guten-background-overlay\"><\/div><div class=\"guten-shape-divider guten-shape-divider-top\"><\/div><div class=\"guten-shape-divider guten-shape-divider-bottom\"><\/div><div class=\"guten-container guten-column-gap-default\">\n<div class=\"wp-block-gutenverse-column guten-element guten-column guten-YcNBv8\" id=\"cas_decisionmaking\"><div class=\"guten-background-overlay\"><\/div><div class=\"sticky-wrapper\" data-id=\"YcNBv8\"><div class=\"guten-column-wrapper\">\n<div class=\"section-wrapper\" data-id=\"pZTwuZ\"><section class=\"wp-block-gutenverse-section guten-element guten-section guten-pZTwuZ layout-boxed align-stretch\"><div class=\"guten-background-overlay\"><\/div><div class=\"guten-shape-divider guten-shape-divider-top\"><\/div><div class=\"guten-shape-divider guten-shape-divider-bottom\"><\/div><div class=\"guten-container guten-column-gap-no\">\n<div class=\"wp-block-gutenverse-column guten-element guten-column guten-PZv0CX\"><div class=\"guten-background-overlay\"><\/div><div class=\"sticky-wrapper\" data-id=\"PZv0CX\"><div class=\"guten-column-wrapper\">\n<h2 class=\"wp-block-gutenverse-heading guten-element guten-G5HWER animated guten-element-hide desktop-fadeInLeft\">Entscheidungs-findung<\/h2>\n\n\n\n<div class=\"guten-element gutenverse-text-editor guten-PoRZyj animated guten-element-hide desktop-fadeInLeft\"><div class=\"text-content-inner\">\n<p class=\"has-zeever-third-color has-text-color\">Ressourcenmanagement mit Hilfe objektivierter Optimierungsmatrizen, die auf transversalen Erfahrungsmodellen basieren. Verwaltung der Phase zwischen der Angebotsstudie und ihrer Industrialisierung.<\/p>\n<\/div><\/div>\n<\/div><\/div><\/div>\n\n\n\n<div class=\"wp-block-gutenverse-column guten-element guten-column guten-MPb8Z8 animated guten-element-hide desktop-fadeInRight\"><div class=\"guten-background-overlay\"><\/div><div class=\"sticky-wrapper\" data-id=\"MPb8Z8\"><div class=\"guten-column-wrapper\">\n<div class=\"guten-element guten-spacer guten-2MN88d\"><\/div>\n<\/div><\/div><\/div>\n<\/div><\/section><\/div>\n<\/div><\/div><\/div>\n<\/div><\/section><\/div>","protected":false},"excerpt":{"rendered":"","protected":false},"author":1,"featured_media":0,"parent":0,"menu_order":0,"comment_status":"closed","ping_status":"closed","template":"wp-custom-template-solution-pm-2-ca-s","meta":{"jetpack_post_was_ever_published":true,"footnotes":""},"class_list":["post-327","page","type-page","status-publish","hentry"],"jetpack-related-posts":[],"jetpack_sharing_enabled":true,"_links":{"self":[{"href":"https:\/\/pmrobots.com\/de\/wp-json\/wp\/v2\/pages\/327","targetHints":{"allow":["GET"]}}],"collection":[{"href":"https:\/\/pmrobots.com\/de\/wp-json\/wp\/v2\/pages"}],"about":[{"href":"https:\/\/pmrobots.com\/de\/wp-json\/wp\/v2\/types\/page"}],"author":[{"embeddable":true,"href":"https:\/\/pmrobots.com\/de\/wp-json\/wp\/v2\/users\/1"}],"replies":[{"embeddable":true,"href":"https:\/\/pmrobots.com\/de\/wp-json\/wp\/v2\/comments?post=327"}],"version-history":[{"count":44,"href":"https:\/\/pmrobots.com\/de\/wp-json\/wp\/v2\/pages\/327\/revisions"}],"predecessor-version":[{"id":1837,"href":"https:\/\/pmrobots.com\/de\/wp-json\/wp\/v2\/pages\/327\/revisions\/1837"}],"wp:attachment":[{"href":"https:\/\/pmrobots.com\/de\/wp-json\/wp\/v2\/media?parent=327"}],"curies":[{"name":"wp","href":"https:\/\/api.w.org\/{rel}","templated":true}]}}