{"id":325,"date":"2023-10-28T12:32:16","date_gmt":"2023-10-28T10:32:16","guid":{"rendered":"https:\/\/pmrobots.com\/?page_id=325"},"modified":"2023-12-28T14:30:56","modified_gmt":"2023-12-28T13:30:56","slug":"digitalisation","status":"publish","type":"page","link":"https:\/\/pmrobots.com\/de\/digitalisation\/","title":{"rendered":"PM2D"},"content":{"rendered":"<div class=\"section-wrapper\" data-id=\"z9Xm7d\"><section class=\"wp-block-gutenverse-section guten-element guten-section guten-z9Xm7d layout-boxed align-stretch\"><div class=\"guten-background-overlay\"><\/div><div class=\"guten-shape-divider guten-shape-divider-top\"><\/div><div class=\"guten-shape-divider guten-shape-divider-bottom\"><\/div><div class=\"guten-container guten-column-gap-default\">\n<div class=\"wp-block-gutenverse-column guten-element guten-column guten-oEerYA\"><div class=\"guten-background-overlay\"><\/div><div class=\"sticky-wrapper\" data-id=\"oEerYA\"><div class=\"guten-column-wrapper\">\n<div class=\"section-wrapper\" data-id=\"cIb3kj\"><section class=\"wp-block-gutenverse-section guten-element guten-section guten-cIb3kj layout-boxed align-stretch\"><div class=\"guten-background-overlay\"><\/div><div class=\"guten-shape-divider guten-shape-divider-top\"><\/div><div class=\"guten-shape-divider guten-shape-divider-bottom\"><\/div><div class=\"guten-container guten-column-gap-no\">\n<div class=\"wp-block-gutenverse-column guten-element guten-column guten-iKOMMC\"><div class=\"guten-background-overlay\"><\/div><div class=\"sticky-wrapper\" data-id=\"iKOMMC\"><div class=\"guten-column-wrapper\">\n<div class=\"guten-element guten-advanced-heading guten-PDDxFf animated guten-element-hide desktop-fadeInLeft\"><div class=\"heading-section\"><div class=\"heading-line before\"><\/div><h2 class=\"heading-title\">Process manufacturing 2<span class=\"heading-focus\"> digitalisation<\/span><\/h2><\/div><span class=\"heading-subtitle\">Digitalisierung und Verarbeitung von industriellen Prozessen. Datenerfassung und -verarbeitung, Datenfernmanagement in kundeneigener oder EU-gehosteter Cloud und Erstellung von Open-Source-basierten Servern.<\/span><\/div>\n<\/div><\/div><\/div>\n\n\n\n<div class=\"wp-block-gutenverse-column guten-element guten-column guten-K5M2jx hide-mobile\"><div class=\"guten-background-overlay\"><\/div><div class=\"sticky-wrapper\" data-id=\"K5M2jx\"><div class=\"guten-column-wrapper\"><\/div><\/div><\/div>\n<\/div><\/section><\/div>\n\n\n\n<div class=\"section-wrapper\" data-id=\"2l4D8j\"><section class=\"wp-block-gutenverse-section guten-element guten-section guten-2l4D8j layout-boxed align-stretch\"><div class=\"guten-background-overlay\"><\/div><div class=\"guten-shape-divider guten-shape-divider-top\"><\/div><div class=\"guten-shape-divider guten-shape-divider-bottom\"><\/div><div class=\"guten-container guten-column-gap-no\">\n<div class=\"wp-block-gutenverse-column guten-element guten-column guten-tItiIU\"><div class=\"guten-background-overlay\"><\/div><div class=\"sticky-wrapper\" data-id=\"tItiIU\"><div class=\"guten-column-wrapper\">\n<div class=\"guten-element guten-59Mvh9 animated guten-element-hide desktop-fadeInUp guten-icon-box icon-position-undefined\"><div class=\"guten-icon-box-wrapper hover-from-left\"><div class=\"icon-box icon-box-header\"><div class=\"icon style-color\"><a class=\"\" href=\"#dg_sensoring\"><i class=\"fas fa-signal\"><\/i><\/a><\/div><\/div><div class=\"icon-box icon-box-body\"><a class=\"\" href=\"#dg_sensoring\"><h3 class=\"title\">Sensorik<\/h3><\/a><p class=\"icon-box-description\">Festlegung der Strategie und Einsatz von Messelementen<\/p><\/div><\/div><\/div>\n<\/div><\/div><\/div>\n\n\n\n<div class=\"wp-block-gutenverse-column guten-element guten-column guten-ID6Q6U\"><div class=\"guten-background-overlay\"><\/div><div class=\"sticky-wrapper\" data-id=\"ID6Q6U\"><div class=\"guten-column-wrapper\">\n<div class=\"guten-element guten-Zmdlvs animated guten-element-hide desktop-fadeInUp guten-icon-box icon-position-undefined\"><div class=\"guten-icon-box-wrapper hover-from-left\"><div class=\"icon-box icon-box-header\"><div class=\"icon style-color\"><a class=\"\" href=\"#dg_collecting\"><i class=\"fas fa-shopping-basket\"><\/i><\/a><\/div><\/div><div class=\"icon-box icon-box-body\"><a class=\"\" href=\"#dg_collecting\"><h3 class=\"title\">Datensammlung<\/h3><\/a><p class=\"icon-box-description\">Sammlung von standardisierten Datens\u00e4tzen<\/p><\/div><\/div><\/div>\n<\/div><\/div><\/div>\n\n\n\n<div class=\"wp-block-gutenverse-column guten-element guten-column guten-7kSJkI\"><div class=\"guten-background-overlay\"><\/div><div class=\"sticky-wrapper\" data-id=\"7kSJkI\"><div class=\"guten-column-wrapper\">\n<div class=\"guten-element guten-Q2xRWE animated guten-element-hide desktop-fadeInUp guten-icon-box icon-position-undefined\"><div class=\"guten-icon-box-wrapper hover-from-left\"><div class=\"icon-box icon-box-header\"><div class=\"icon style-color\"><a class=\"\" href=\"#dg_analysing\"><i class=\"fas fa-cogs\"><\/i><\/a><\/div><\/div><div class=\"icon-box icon-box-body\"><a class=\"\" href=\"#dg_analysing\"><h3 class=\"title\">Analysieren<\/h3><\/a><p class=\"icon-box-description\">Ausgabewerte und kpi's<\/p><\/div><\/div><\/div>\n<\/div><\/div><\/div>\n<\/div><\/section><\/div>\n\n\n\n<div class=\"section-wrapper\" data-id=\"YfLNHZ\"><section class=\"wp-block-gutenverse-section guten-element guten-section guten-YfLNHZ layout-boxed align-stretch\"><div class=\"guten-background-overlay\"><\/div><div class=\"guten-shape-divider guten-shape-divider-top\"><\/div><div class=\"guten-shape-divider guten-shape-divider-bottom\"><\/div><div class=\"guten-container guten-column-gap-no\">\n<div class=\"wp-block-gutenverse-column guten-element guten-column guten-KJgP8L\"><div class=\"guten-background-overlay\"><\/div><div class=\"sticky-wrapper\" data-id=\"KJgP8L\"><div class=\"guten-column-wrapper\">\n<div class=\"guten-element guten-16YApw animated guten-element-hide desktop-fadeInUp guten-icon-box icon-position-undefined\"><div class=\"guten-icon-box-wrapper hover-from-left\"><div class=\"icon-box icon-box-header\"><div class=\"icon style-color\"><a class=\"\" href=\"#dg_visualisation\"><i class=\"fas fa-tv\"><\/i><\/a><\/div><\/div><div class=\"icon-box icon-box-body\"><a class=\"\" href=\"#dg_visualisation\"><h3 class=\"title\">Visualisierung<\/h3><\/a><p class=\"icon-box-description\">\u00dcberwachung der zeitlichen Entwicklung<br><\/p><\/div><\/div><\/div>\n<\/div><\/div><\/div>\n\n\n\n<div class=\"wp-block-gutenverse-column guten-element guten-column guten-OH9bPJ animated guten-element-hide desktop-fadeInUp\"><div class=\"guten-background-overlay\"><\/div><div class=\"sticky-wrapper\" data-id=\"OH9bPJ\"><div class=\"guten-column-wrapper\">\n<div class=\"guten-element guten-PIoali animated guten-element-hide desktop-fadeInUp guten-icon-box icon-position-undefined\"><div class=\"guten-icon-box-wrapper hover-from-left\"><div class=\"icon-box icon-box-header\"><div class=\"icon style-color\"><a class=\"\" href=\"#dg_digitaltwin\"><i class=\"fas fa-glasses\"><\/i><\/a><\/div><\/div><div class=\"icon-box icon-box-body\"><a class=\"\" href=\"#dg_digitaltwin\"><h3 class=\"title\">Digitaler Zwilling<\/h3><\/a><p class=\"icon-box-description\">Digitales Modell f\u00fcr Ferninteraktion<\/p><\/div><\/div><\/div>\n<\/div><\/div><\/div>\n\n\n\n<div class=\"wp-block-gutenverse-column guten-element guten-column guten-gxxASI\"><div class=\"guten-background-overlay\"><\/div><div class=\"sticky-wrapper\" data-id=\"gxxASI\"><div class=\"guten-column-wrapper\">\n<div class=\"guten-element guten-5s5vjO animated guten-element-hide desktop-fadeInUp guten-icon-box icon-position-undefined\"><div class=\"guten-icon-box-wrapper hover-from-left\"><div class=\"icon-box icon-box-header\"><div class=\"icon style-color\"><a class=\"\" href=\"#dg_datamanagement\"><i class=\"fas fa-compass\"><\/i><\/a><\/div><\/div><div class=\"icon-box icon-box-body\"><a class=\"\" href=\"#dg_datamanagement\"><h3 class=\"title\">Data Management<\/h3><\/a><p class=\"icon-box-description\">Speicherung und Wartung<\/p><\/div><\/div><\/div>\n<\/div><\/div><\/div>\n<\/div><\/section><\/div>\n<\/div><\/div><\/div>\n<\/div><\/section><\/div>\n\n\n\n<div class=\"section-wrapper\" data-id=\"LyGOKu\"><section class=\"wp-block-gutenverse-section guten-element guten-section guten-LyGOKu layout-boxed align-stretch\"><div class=\"guten-background-overlay\"><\/div><div class=\"guten-shape-divider guten-shape-divider-top\"><\/div><div class=\"guten-shape-divider guten-shape-divider-bottom\"><\/div><div class=\"guten-container guten-column-gap-default\">\n<div class=\"wp-block-gutenverse-column guten-element guten-column guten-xTLAO1\" id=\"dg_sensoring\"><div class=\"guten-background-overlay\"><\/div><div class=\"sticky-wrapper\" data-id=\"xTLAO1\"><div class=\"guten-column-wrapper\">\n<div class=\"section-wrapper\" data-id=\"9P5sas\"><section class=\"wp-block-gutenverse-section guten-element guten-section guten-9P5sas layout-boxed align-stretch\"><div class=\"guten-background-overlay\"><\/div><div class=\"guten-shape-divider guten-shape-divider-top\"><\/div><div class=\"guten-shape-divider guten-shape-divider-bottom\"><\/div><div class=\"guten-container guten-column-gap-no\">\n<div class=\"wp-block-gutenverse-column guten-element guten-column guten-jxVQMD animated guten-element-hide desktop-fadeInLeft\"><div class=\"guten-background-overlay\"><\/div><div class=\"sticky-wrapper\" data-id=\"jxVQMD\"><div class=\"guten-column-wrapper\">\n<div class=\"guten-element guten-spacer guten-lp4UAf\"><\/div>\n<\/div><\/div><\/div>\n\n\n\n<div class=\"wp-block-gutenverse-column guten-element guten-column guten-8LqTec\"><div class=\"guten-background-overlay\"><\/div><div class=\"sticky-wrapper\" data-id=\"8LqTec\"><div class=\"guten-column-wrapper\">\n<h2 class=\"wp-block-gutenverse-heading guten-element guten-QRtnPB animated guten-element-hide desktop-fadeInRight\">Sensorik <\/h2>\n\n\n\n<div class=\"guten-element gutenverse-text-editor guten-pJK0R7 animated guten-element-hide desktop-fadeInRight\"><div class=\"text-content-inner\">\n<p class=\"has-zeever-third-color has-text-color\">Definition der zu messenden Merkmale und Verf\u00fcgbarkeit je nach Prozess. Erstellung der Messstrategie. Implementierung von Sensoren in Maschinen, um dynamische Merkmale des Prozesses zu erhalten (Verschiebungen, Beschleunigungen, Kr\u00e4fte).<\/p>\n<\/div><\/div>\n<\/div><\/div><\/div>\n<\/div><\/section><\/div>\n<\/div><\/div><\/div>\n<\/div><\/section><\/div>\n\n\n\n<div class=\"section-wrapper\" data-id=\"MLyhPJ\"><section class=\"wp-block-gutenverse-section guten-element guten-section guten-MLyhPJ layout-boxed align-stretch\"><div class=\"guten-background-overlay\"><\/div><div class=\"guten-shape-divider guten-shape-divider-top\"><\/div><div class=\"guten-shape-divider guten-shape-divider-bottom\"><\/div><div class=\"guten-container guten-column-gap-default\">\n<div class=\"wp-block-gutenverse-column guten-element guten-column guten-Koy4bw\" id=\"dg_collecting\"><div class=\"guten-background-overlay\"><\/div><div class=\"sticky-wrapper\" data-id=\"Koy4bw\"><div class=\"guten-column-wrapper\">\n<div class=\"section-wrapper\" data-id=\"hp0Ko2\"><section class=\"wp-block-gutenverse-section guten-element guten-section guten-hp0Ko2 layout-boxed align-stretch\"><div class=\"guten-background-overlay\"><\/div><div class=\"guten-shape-divider guten-shape-divider-top\"><\/div><div class=\"guten-shape-divider guten-shape-divider-bottom\"><\/div><div class=\"guten-container guten-column-gap-no\">\n<div class=\"wp-block-gutenverse-column guten-element guten-column guten-Dm86ID\"><div class=\"guten-background-overlay\"><\/div><div class=\"sticky-wrapper\" data-id=\"Dm86ID\"><div class=\"guten-column-wrapper\">\n<h2 class=\"wp-block-gutenverse-heading guten-element guten-09bA7p animated guten-element-hide desktop-fadeInLeft\">Datensammlung<\/h2>\n\n\n\n<div class=\"guten-element gutenverse-text-editor guten-prcrFn animated guten-element-hide desktop-fadeInLeft\"><div class=\"text-content-inner\">\n<p class=\"has-zeever-third-color has-text-color\">Monitoring und Datenerfassung der ausgew\u00e4hlten Parameter.<\/p>\n<\/div><\/div>\n<\/div><\/div><\/div>\n\n\n\n<div class=\"wp-block-gutenverse-column guten-element guten-column guten-0ylbz1 animated guten-element-hide desktop-fadeInRight\"><div class=\"guten-background-overlay\"><\/div><div class=\"sticky-wrapper\" data-id=\"0ylbz1\"><div class=\"guten-column-wrapper\">\n<div class=\"guten-element guten-spacer guten-m9Fcw7\"><\/div>\n<\/div><\/div><\/div>\n<\/div><\/section><\/div>\n<\/div><\/div><\/div>\n<\/div><\/section><\/div>\n\n\n\n<div class=\"section-wrapper\" data-id=\"nykg7b\"><section class=\"wp-block-gutenverse-section guten-element guten-section guten-nykg7b layout-boxed align-stretch\"><div class=\"guten-background-overlay\"><\/div><div class=\"guten-shape-divider guten-shape-divider-top\"><\/div><div class=\"guten-shape-divider guten-shape-divider-bottom\"><\/div><div class=\"guten-container guten-column-gap-default\">\n<div class=\"wp-block-gutenverse-column guten-element guten-column guten-QKw6RB\" id=\"dg_analysing\"><div class=\"guten-background-overlay\"><\/div><div class=\"sticky-wrapper\" data-id=\"QKw6RB\"><div class=\"guten-column-wrapper\">\n<div class=\"section-wrapper\" data-id=\"4XvsSR\"><section class=\"wp-block-gutenverse-section guten-element guten-section guten-4XvsSR layout-boxed align-stretch\"><div class=\"guten-background-overlay\"><\/div><div class=\"guten-shape-divider guten-shape-divider-top\"><\/div><div class=\"guten-shape-divider guten-shape-divider-bottom\"><\/div><div class=\"guten-container guten-column-gap-no\">\n<div class=\"wp-block-gutenverse-column guten-element guten-column guten-yy25kB animated guten-element-hide desktop-fadeInLeft\"><div class=\"guten-background-overlay\"><\/div><div class=\"sticky-wrapper\" data-id=\"yy25kB\"><div class=\"guten-column-wrapper\">\n<div class=\"guten-element guten-spacer guten-E3fBc5\"><\/div>\n<\/div><\/div><\/div>\n\n\n\n<div class=\"wp-block-gutenverse-column guten-element guten-column guten-bv8SfS\"><div class=\"guten-background-overlay\"><\/div><div class=\"sticky-wrapper\" data-id=\"bv8SfS\"><div class=\"guten-column-wrapper\">\n<h2 class=\"wp-block-gutenverse-heading guten-element guten-UylmZX animated guten-element-hide desktop-fadeInRight\">Analysieren <\/h2>\n\n\n\n<div class=\"guten-element gutenverse-text-editor guten-sHz3c7 animated guten-element-hide desktop-fadeInRight\"><div class=\"text-content-inner\">\n<p class=\"has-zeever-third-color has-text-color\">Umwandlung von Eingangsmessparametern in Ausgangsparameter wie Steifigkeit, D\u00e4mpfung, Schwingungen, Eigenfrequenzen, Kr\u00e4fte und Drehmomente. Erstellung von Ziel-KPIs.<\/p>\n<\/div><\/div>\n<\/div><\/div><\/div>\n<\/div><\/section><\/div>\n<\/div><\/div><\/div>\n<\/div><\/section><\/div>\n\n\n\n<div class=\"section-wrapper\" data-id=\"HMyx0W\"><section class=\"wp-block-gutenverse-section guten-element guten-section guten-HMyx0W layout-boxed align-stretch\"><div class=\"guten-background-overlay\"><\/div><div class=\"guten-shape-divider guten-shape-divider-top\"><\/div><div class=\"guten-shape-divider guten-shape-divider-bottom\"><\/div><div class=\"guten-container guten-column-gap-default\">\n<div class=\"wp-block-gutenverse-column guten-element guten-column guten-zRUL8m\" id=\"dg_visualisation\"><div class=\"guten-background-overlay\"><\/div><div class=\"sticky-wrapper\" data-id=\"zRUL8m\"><div class=\"guten-column-wrapper\">\n<div class=\"section-wrapper\" data-id=\"DipeQR\"><section class=\"wp-block-gutenverse-section guten-element guten-section guten-DipeQR layout-boxed align-stretch\"><div class=\"guten-background-overlay\"><\/div><div class=\"guten-shape-divider guten-shape-divider-top\"><\/div><div class=\"guten-shape-divider guten-shape-divider-bottom\"><\/div><div class=\"guten-container guten-column-gap-no\">\n<div class=\"wp-block-gutenverse-column guten-element guten-column guten-zCULiH\"><div class=\"guten-background-overlay\"><\/div><div class=\"sticky-wrapper\" data-id=\"zCULiH\"><div class=\"guten-column-wrapper\">\n<h2 class=\"wp-block-gutenverse-heading guten-element guten-W0kgNp animated guten-element-hide desktop-fadeInLeft\">Visualisierung<\/h2>\n\n\n\n<div class=\"guten-element gutenverse-text-editor guten-kFlyCr animated guten-element-hide desktop-fadeInLeft\"><div class=\"text-content-inner\">\n<p class=\"has-zeever-third-color has-text-color\">Visualisierung der ausgew\u00e4hlten verarbeiteten Ausgangsparameter sowie der gesetzten KPIs.<\/p>\n<\/div><\/div>\n<\/div><\/div><\/div>\n\n\n\n<div class=\"wp-block-gutenverse-column guten-element guten-column guten-ILTuUZ animated guten-element-hide desktop-fadeInRight\"><div class=\"guten-background-overlay\"><\/div><div class=\"sticky-wrapper\" data-id=\"ILTuUZ\"><div class=\"guten-column-wrapper\">\n<div class=\"guten-element guten-spacer guten-qoeayp\"><\/div>\n<\/div><\/div><\/div>\n<\/div><\/section><\/div>\n<\/div><\/div><\/div>\n<\/div><\/section><\/div>\n\n\n\n<div class=\"section-wrapper\" data-id=\"H8d2EO\"><section class=\"wp-block-gutenverse-section guten-element guten-section guten-H8d2EO layout-boxed align-stretch\"><div class=\"guten-background-overlay\"><\/div><div class=\"guten-shape-divider guten-shape-divider-top\"><\/div><div class=\"guten-shape-divider guten-shape-divider-bottom\"><\/div><div class=\"guten-container guten-column-gap-default\">\n<div class=\"wp-block-gutenverse-column guten-element guten-column guten-AoWPJO\" id=\"dg_digitaltwin\"><div class=\"guten-background-overlay\"><\/div><div class=\"sticky-wrapper\" data-id=\"AoWPJO\"><div class=\"guten-column-wrapper\">\n<div class=\"section-wrapper\" data-id=\"PVvNz3\"><section class=\"wp-block-gutenverse-section guten-element guten-section guten-PVvNz3 layout-boxed align-stretch\"><div class=\"guten-background-overlay\"><\/div><div class=\"guten-shape-divider guten-shape-divider-top\"><\/div><div class=\"guten-shape-divider guten-shape-divider-bottom\"><\/div><div class=\"guten-container guten-column-gap-no\">\n<div class=\"wp-block-gutenverse-column guten-element guten-column guten-6v8Nk9 animated guten-element-hide desktop-fadeInLeft\"><div class=\"guten-background-overlay\"><\/div><div class=\"sticky-wrapper\" data-id=\"6v8Nk9\"><div class=\"guten-column-wrapper\">\n<div class=\"guten-element guten-spacer guten-PPRAWw\"><\/div>\n<\/div><\/div><\/div>\n\n\n\n<div class=\"wp-block-gutenverse-column guten-element guten-column guten-C2FamW\"><div class=\"guten-background-overlay\"><\/div><div class=\"sticky-wrapper\" data-id=\"C2FamW\"><div class=\"guten-column-wrapper\">\n<h2 class=\"wp-block-gutenverse-heading guten-element guten-rOTdRc animated guten-element-hide desktop-fadeInRight\">Digitaler Zwilling <\/h2>\n\n\n\n<div class=\"guten-element gutenverse-text-editor guten-H5rWBY animated guten-element-hide desktop-fadeInRight\"><div class=\"text-content-inner\">\n<p class=\"has-zeever-third-color has-text-color\">Erstellung eines digitalen Modells zur Fernbetrachtung des Systems, das die Interaktion und Simulation von Entscheidungsszenarien, das Ausl\u00f6sen von Aktionen oder das Ausl\u00f6sen von Alarmen erm\u00f6glicht.<\/p>\n<\/div><\/div>\n<\/div><\/div><\/div>\n<\/div><\/section><\/div>\n<\/div><\/div><\/div>\n<\/div><\/section><\/div>\n\n\n\n<div class=\"section-wrapper\" data-id=\"l8jUyS\"><section class=\"wp-block-gutenverse-section guten-element guten-section guten-l8jUyS layout-boxed align-stretch\"><div class=\"guten-background-overlay\"><\/div><div class=\"guten-shape-divider guten-shape-divider-top\"><\/div><div class=\"guten-shape-divider guten-shape-divider-bottom\"><\/div><div class=\"guten-container guten-column-gap-default\">\n<div class=\"wp-block-gutenverse-column guten-element guten-column guten-YcNBv8\" id=\"dg_datamanagement\"><div class=\"guten-background-overlay\"><\/div><div class=\"sticky-wrapper\" data-id=\"YcNBv8\"><div class=\"guten-column-wrapper\">\n<div class=\"section-wrapper\" data-id=\"pZTwuZ\"><section class=\"wp-block-gutenverse-section guten-element guten-section guten-pZTwuZ layout-boxed align-stretch\"><div class=\"guten-background-overlay\"><\/div><div class=\"guten-shape-divider guten-shape-divider-top\"><\/div><div class=\"guten-shape-divider guten-shape-divider-bottom\"><\/div><div class=\"guten-container guten-column-gap-no\">\n<div class=\"wp-block-gutenverse-column guten-element guten-column guten-PZv0CX\"><div class=\"guten-background-overlay\"><\/div><div class=\"sticky-wrapper\" data-id=\"PZv0CX\"><div class=\"guten-column-wrapper\">\n<h2 class=\"wp-block-gutenverse-heading guten-element guten-G5HWER animated guten-element-hide desktop-fadeInLeft\">Data Management<\/h2>\n\n\n\n<div class=\"guten-element gutenverse-text-editor guten-PoRZyj animated guten-element-hide desktop-fadeInLeft\"><div class=\"text-content-inner\">\n<p class=\"has-zeever-third-color has-text-color\">Vergleich der Prozessdaten mit den Sollwerten und Erstellung eines Aktionsplans f\u00fcr die Datenspeicherung und -verwaltung.<\/p>\n<\/div><\/div>\n<\/div><\/div><\/div>\n\n\n\n<div class=\"wp-block-gutenverse-column guten-element guten-column guten-MPb8Z8 animated guten-element-hide desktop-fadeInRight\"><div class=\"guten-background-overlay\"><\/div><div class=\"sticky-wrapper\" data-id=\"MPb8Z8\"><div class=\"guten-column-wrapper\">\n<div class=\"guten-element guten-spacer guten-2MN88d\"><\/div>\n<\/div><\/div><\/div>\n<\/div><\/section><\/div>\n<\/div><\/div><\/div>\n<\/div><\/section><\/div>","protected":false},"excerpt":{"rendered":"","protected":false},"author":1,"featured_media":0,"parent":0,"menu_order":0,"comment_status":"closed","ping_status":"closed","template":"wp-custom-template-solution-pm-2-d","meta":{"jetpack_post_was_ever_published":true,"footnotes":""},"class_list":["post-325","page","type-page","status-publish","hentry"],"jetpack-related-posts":[],"jetpack_sharing_enabled":true,"_links":{"self":[{"href":"https:\/\/pmrobots.com\/de\/wp-json\/wp\/v2\/pages\/325","targetHints":{"allow":["GET"]}}],"collection":[{"href":"https:\/\/pmrobots.com\/de\/wp-json\/wp\/v2\/pages"}],"about":[{"href":"https:\/\/pmrobots.com\/de\/wp-json\/wp\/v2\/types\/page"}],"author":[{"embeddable":true,"href":"https:\/\/pmrobots.com\/de\/wp-json\/wp\/v2\/users\/1"}],"replies":[{"embeddable":true,"href":"https:\/\/pmrobots.com\/de\/wp-json\/wp\/v2\/comments?post=325"}],"version-history":[{"count":49,"href":"https:\/\/pmrobots.com\/de\/wp-json\/wp\/v2\/pages\/325\/revisions"}],"predecessor-version":[{"id":1835,"href":"https:\/\/pmrobots.com\/de\/wp-json\/wp\/v2\/pages\/325\/revisions\/1835"}],"wp:attachment":[{"href":"https:\/\/pmrobots.com\/de\/wp-json\/wp\/v2\/media?parent=325"}],"curies":[{"name":"wp","href":"https:\/\/api.w.org\/{rel}","templated":true}]}}