{"id":323,"date":"2023-10-28T12:31:05","date_gmt":"2023-10-28T10:31:05","guid":{"rendered":"https:\/\/pmrobots.com\/?page_id=323"},"modified":"2023-12-28T12:11:46","modified_gmt":"2023-12-28T11:11:46","slug":"algorithms","status":"publish","type":"page","link":"https:\/\/pmrobots.com\/de\/algorithms\/","title":{"rendered":"PM2A"},"content":{"rendered":"<div class=\"section-wrapper\" data-id=\"z9Xm7d\"><section class=\"wp-block-gutenverse-section guten-element guten-section guten-z9Xm7d layout-boxed align-stretch\"><div class=\"guten-background-overlay\"><\/div><div class=\"guten-shape-divider guten-shape-divider-top\"><\/div><div class=\"guten-shape-divider guten-shape-divider-bottom\"><\/div><div class=\"guten-container guten-column-gap-default\">\n<div class=\"wp-block-gutenverse-column guten-element guten-column guten-oEerYA\"><div class=\"guten-background-overlay\"><\/div><div class=\"sticky-wrapper\" data-id=\"oEerYA\"><div class=\"guten-column-wrapper\">\n<div class=\"section-wrapper\" data-id=\"cIb3kj\"><section class=\"wp-block-gutenverse-section guten-element guten-section guten-cIb3kj layout-boxed align-stretch\"><div class=\"guten-background-overlay\"><\/div><div class=\"guten-shape-divider guten-shape-divider-top\"><\/div><div class=\"guten-shape-divider guten-shape-divider-bottom\"><\/div><div class=\"guten-container guten-column-gap-no\">\n<div class=\"wp-block-gutenverse-column guten-element guten-column guten-iKOMMC\"><div class=\"guten-background-overlay\"><\/div><div class=\"sticky-wrapper\" data-id=\"iKOMMC\"><div class=\"guten-column-wrapper\">\n<div class=\"guten-element guten-advanced-heading guten-PDDxFf animated guten-element-hide desktop-fadeInLeft\"><div class=\"heading-section\"><div class=\"heading-line before\"><\/div><h2 class=\"heading-title\">Process manufacturing 2<span class=\"heading-focus\"> Algorithmen<\/span><\/h2><\/div><span class=\"heading-subtitle\">Innovative Dienstleistung. Entwicklung, Implementierung und Management von Algorithmen und Prozessen zur Verbesserung der Effizienz von Produktionssystemen. <\/span><\/div>\n<\/div><\/div><\/div>\n\n\n\n<div class=\"wp-block-gutenverse-column guten-element guten-column guten-K5M2jx hide-mobile\"><div class=\"guten-background-overlay\"><\/div><div class=\"sticky-wrapper\" data-id=\"K5M2jx\"><div class=\"guten-column-wrapper\"><\/div><\/div><\/div>\n<\/div><\/section><\/div>\n\n\n\n<div class=\"section-wrapper\" data-id=\"2l4D8j\"><section class=\"wp-block-gutenverse-section guten-element guten-section guten-2l4D8j layout-boxed align-stretch\"><div class=\"guten-background-overlay\"><\/div><div class=\"guten-shape-divider guten-shape-divider-top\"><\/div><div class=\"guten-shape-divider guten-shape-divider-bottom\"><\/div><div class=\"guten-container guten-column-gap-no\">\n<div class=\"wp-block-gutenverse-column guten-element guten-column guten-tItiIU\"><div class=\"guten-background-overlay\"><\/div><div class=\"sticky-wrapper\" data-id=\"tItiIU\"><div class=\"guten-column-wrapper\">\n<div class=\"guten-element guten-59Mvh9 animated guten-element-hide desktop-fadeInUp guten-icon-box icon-position-undefined\"><div class=\"guten-icon-box-wrapper hover-from-left\"><div class=\"icon-box icon-box-header\"><div class=\"icon style-color\"><a class=\"\" href=\"#al_modelling\"><i class=\"fas fa-puzzle-piece\"><\/i><\/a><\/div><\/div><div class=\"icon-box icon-box-body\"><a class=\"\" href=\"#al_modelling\"><h3 class=\"title\">Modellierung<\/h3><\/a><p class=\"icon-box-description\">Eingangsdaten und Modellierung<\/p><\/div><\/div><\/div>\n<\/div><\/div><\/div>\n\n\n\n<div class=\"wp-block-gutenverse-column guten-element guten-column guten-ID6Q6U\"><div class=\"guten-background-overlay\"><\/div><div class=\"sticky-wrapper\" data-id=\"ID6Q6U\"><div class=\"guten-column-wrapper\">\n<div class=\"guten-element guten-Zmdlvs animated guten-element-hide desktop-fadeInUp guten-icon-box icon-position-undefined\"><div class=\"guten-icon-box-wrapper hover-from-left\"><div class=\"icon-box icon-box-header\"><div class=\"icon style-color\"><a class=\"\" href=\"#al_data\"><i class=\"fas fa-database\"><\/i><\/a><\/div><\/div><div class=\"icon-box icon-box-body\"><a class=\"\" href=\"#al_data\"><h3 class=\"title\">Daten<\/h3><\/a><p class=\"icon-box-description\">Dateneingabe und -speicherung<\/p><\/div><\/div><\/div>\n<\/div><\/div><\/div>\n\n\n\n<div class=\"wp-block-gutenverse-column guten-element guten-column guten-7kSJkI\"><div class=\"guten-background-overlay\"><\/div><div class=\"sticky-wrapper\" data-id=\"7kSJkI\"><div class=\"guten-column-wrapper\">\n<div class=\"guten-element guten-Q2xRWE animated guten-element-hide desktop-fadeInUp guten-icon-box icon-position-undefined\"><div class=\"guten-icon-box-wrapper hover-from-left\"><div class=\"icon-box icon-box-header\"><div class=\"icon style-color\"><a class=\"\" href=\"#al_design\"><i class=\"fas fa-bong\"><\/i><\/a><\/div><\/div><div class=\"icon-box icon-box-body\"><a class=\"\" href=\"#al_design\"><h3 class=\"title\">Entwurf<\/h3><\/a><p class=\"icon-box-description\">Entwurf des Algorithmus<\/p><\/div><\/div><\/div>\n<\/div><\/div><\/div>\n<\/div><\/section><\/div>\n\n\n\n<div class=\"section-wrapper\" data-id=\"YfLNHZ\"><section class=\"wp-block-gutenverse-section guten-element guten-section guten-YfLNHZ layout-boxed align-stretch\"><div class=\"guten-background-overlay\"><\/div><div class=\"guten-shape-divider guten-shape-divider-top\"><\/div><div class=\"guten-shape-divider guten-shape-divider-bottom\"><\/div><div class=\"guten-container guten-column-gap-no\">\n<div class=\"wp-block-gutenverse-column guten-element guten-column guten-KJgP8L\"><div class=\"guten-background-overlay\"><\/div><div class=\"sticky-wrapper\" data-id=\"KJgP8L\"><div class=\"guten-column-wrapper\">\n<div class=\"guten-element guten-16YApw animated guten-element-hide desktop-fadeInUp guten-icon-box icon-position-undefined\"><div class=\"guten-icon-box-wrapper hover-from-left\"><div class=\"icon-box icon-box-header\"><div class=\"icon style-color\"><a class=\"\" href=\"#al_analysis\"><i class=\"fas fa-square-root-alt\"><\/i><\/a><\/div><\/div><div class=\"icon-box icon-box-body\"><a class=\"\" href=\"#al_analysis\"><h3 class=\"title\">Analyse<\/h3><\/a><p class=\"icon-box-description\">Gr\u00f6\u00dfenordnung und Effizienz<\/p><\/div><\/div><\/div>\n<\/div><\/div><\/div>\n\n\n\n<div class=\"wp-block-gutenverse-column guten-element guten-column guten-OH9bPJ animated guten-element-hide desktop-fadeInUp\"><div class=\"guten-background-overlay\"><\/div><div class=\"sticky-wrapper\" data-id=\"OH9bPJ\"><div class=\"guten-column-wrapper\">\n<div class=\"guten-element guten-PIoali animated guten-element-hide desktop-fadeInUp guten-icon-box icon-position-undefined\"><div class=\"guten-icon-box-wrapper hover-from-left\"><div class=\"icon-box icon-box-header\"><div class=\"icon style-color\"><a class=\"\" href=\"#al_target\"><i class=\"fas fa-crosshairs\"><\/i><\/a><\/div><\/div><div class=\"icon-box icon-box-body\"><a class=\"\" href=\"#al_target\"><h3 class=\"title\">Ziel<\/h3><\/a><p class=\"icon-box-description\">Prozessierung der Zielfunktion<\/p><\/div><\/div><\/div>\n<\/div><\/div><\/div>\n\n\n\n<div class=\"wp-block-gutenverse-column guten-element guten-column guten-gxxASI\"><div class=\"guten-background-overlay\"><\/div><div class=\"sticky-wrapper\" data-id=\"gxxASI\"><div class=\"guten-column-wrapper\">\n<div class=\"guten-element guten-MJzWSP animated guten-element-hide desktop-fadeInUp guten-icon-box icon-position-undefined\"><div class=\"guten-icon-box-wrapper hover-from-left\"><div class=\"icon-box icon-box-header\"><div class=\"icon style-color\"><a class=\"\" href=\"#al_deployment\"><i class=\"fas fa-expand-arrows-alt\"><\/i><\/a><\/div><\/div><div class=\"icon-box icon-box-body\"><a class=\"\" href=\"#al_deployment\"><h3 class=\"title\">Einsatz<\/h3><\/a><p class=\"icon-box-description\">Validierung und Umsetzung<\/p><\/div><\/div><\/div>\n<\/div><\/div><\/div>\n<\/div><\/section><\/div>\n<\/div><\/div><\/div>\n<\/div><\/section><\/div>\n\n\n\n<div class=\"section-wrapper\" data-id=\"bpXKGx\"><section class=\"wp-block-gutenverse-section guten-element guten-section guten-bpXKGx layout-boxed align-stretch\"><div class=\"guten-background-overlay\"><\/div><div class=\"guten-shape-divider guten-shape-divider-top\"><\/div><div class=\"guten-shape-divider guten-shape-divider-bottom\"><\/div><div class=\"guten-container guten-column-gap-default\">\n<div class=\"wp-block-gutenverse-column guten-element guten-column guten-rGuu7Z\" id=\"al_modelling\"><div class=\"guten-background-overlay\"><\/div><div class=\"sticky-wrapper\" data-id=\"rGuu7Z\"><div class=\"guten-column-wrapper\">\n<div class=\"section-wrapper\" data-id=\"dsm9mv\"><section class=\"wp-block-gutenverse-section guten-element guten-section guten-dsm9mv layout-boxed align-stretch\"><div class=\"guten-background-overlay\"><\/div><div class=\"guten-shape-divider guten-shape-divider-top\"><\/div><div class=\"guten-shape-divider guten-shape-divider-bottom\"><\/div><div class=\"guten-container guten-column-gap-no\">\n<div class=\"wp-block-gutenverse-column guten-element guten-column guten-la7L7a animated guten-element-hide desktop-fadeInLeft\"><div class=\"guten-background-overlay\"><\/div><div class=\"sticky-wrapper\" data-id=\"la7L7a\"><div class=\"guten-column-wrapper\">\n<div class=\"guten-element guten-spacer guten-rr8Jav\"><\/div>\n<\/div><\/div><\/div>\n\n\n\n<div class=\"wp-block-gutenverse-column guten-element guten-column guten-aPLeRR\"><div class=\"guten-background-overlay\"><\/div><div class=\"sticky-wrapper\" data-id=\"aPLeRR\"><div class=\"guten-column-wrapper\">\n<h2 class=\"wp-block-gutenverse-heading guten-element guten-oYN5A1 animated guten-element-hide desktop-fadeInRight\">Modellierung <\/h2>\n\n\n\n<div class=\"guten-element gutenverse-text-editor guten-fB8oAA animated guten-element-hide desktop-fadeInRight\"><div class=\"text-content-inner\">\n<p class=\"has-zeever-third-color has-text-color\">Die Problemannahmen und Ausgangsdaten werden bestimmt, wobei best\u00e4tigt wird, dass die vorgenommene Ann\u00e4herung den erwarteten L\u00f6sungstyp liefert.<\/p>\n<\/div><\/div>\n<\/div><\/div><\/div>\n<\/div><\/section><\/div>\n<\/div><\/div><\/div>\n<\/div><\/section><\/div>\n\n\n\n<div class=\"section-wrapper\" data-id=\"aBJEyM\"><section class=\"wp-block-gutenverse-section guten-element guten-section guten-aBJEyM layout-boxed align-stretch\"><div class=\"guten-background-overlay\"><\/div><div class=\"guten-shape-divider guten-shape-divider-top\"><\/div><div class=\"guten-shape-divider guten-shape-divider-bottom\"><\/div><div class=\"guten-container guten-column-gap-default\">\n<div class=\"wp-block-gutenverse-column guten-element guten-column guten-RmAdLk\" id=\"al_data\"><div class=\"guten-background-overlay\"><\/div><div class=\"sticky-wrapper\" data-id=\"RmAdLk\"><div class=\"guten-column-wrapper\">\n<div class=\"section-wrapper\" data-id=\"pX6NnB\"><section class=\"wp-block-gutenverse-section guten-element guten-section guten-pX6NnB layout-boxed align-stretch\"><div class=\"guten-background-overlay\"><\/div><div class=\"guten-shape-divider guten-shape-divider-top\"><\/div><div class=\"guten-shape-divider guten-shape-divider-bottom\"><\/div><div class=\"guten-container guten-column-gap-no\">\n<div class=\"wp-block-gutenverse-column guten-element guten-column guten-LYh4z6\"><div class=\"guten-background-overlay\"><\/div><div class=\"sticky-wrapper\" data-id=\"LYh4z6\"><div class=\"guten-column-wrapper\">\n<h2 class=\"wp-block-gutenverse-heading guten-element guten-paShML animated guten-element-hide desktop-fadeInLeft a_data\">Daten<\/h2>\n\n\n\n<div class=\"guten-element gutenverse-text-editor guten-r21UXJ animated guten-element-hide desktop-fadeInLeft\"><div class=\"text-content-inner\">\n<p class=\"has-zeever-third-color has-text-color\">\u00dcberpr\u00fcfung der verf\u00fcgbaren Daten und Auswahl der f\u00fcr das Problem geeigneten Struktur.<\/p>\n<\/div><\/div>\n<\/div><\/div><\/div>\n\n\n\n<div class=\"wp-block-gutenverse-column guten-element guten-column guten-x0fiDp animated guten-element-hide desktop-fadeInRight\"><div class=\"guten-background-overlay\"><\/div><div class=\"sticky-wrapper\" data-id=\"x0fiDp\"><div class=\"guten-column-wrapper\">\n<div class=\"guten-element guten-spacer guten-SaQ9ej\"><\/div>\n<\/div><\/div><\/div>\n<\/div><\/section><\/div>\n<\/div><\/div><\/div>\n<\/div><\/section><\/div>\n\n\n\n<div class=\"section-wrapper\" data-id=\"d6czJD\"><section class=\"wp-block-gutenverse-section guten-element guten-section guten-d6czJD layout-boxed align-stretch\"><div class=\"guten-background-overlay\"><\/div><div class=\"guten-shape-divider guten-shape-divider-top\"><\/div><div class=\"guten-shape-divider guten-shape-divider-bottom\"><\/div><div class=\"guten-container guten-column-gap-default\">\n<div class=\"wp-block-gutenverse-column guten-element guten-column guten-Wn5H5z\" id=\"al_design\"><div class=\"guten-background-overlay\"><\/div><div class=\"sticky-wrapper\" data-id=\"Wn5H5z\"><div class=\"guten-column-wrapper\">\n<div class=\"section-wrapper\" data-id=\"prJCJr\"><section class=\"wp-block-gutenverse-section guten-element guten-section guten-prJCJr layout-boxed align-stretch\"><div class=\"guten-background-overlay\"><\/div><div class=\"guten-shape-divider guten-shape-divider-top\"><\/div><div class=\"guten-shape-divider guten-shape-divider-bottom\"><\/div><div class=\"guten-container guten-column-gap-no\">\n<div class=\"wp-block-gutenverse-column guten-element guten-column guten-WUwi1l animated guten-element-hide desktop-fadeInLeft\"><div class=\"guten-background-overlay\"><\/div><div class=\"sticky-wrapper\" data-id=\"WUwi1l\"><div class=\"guten-column-wrapper\">\n<div class=\"guten-element guten-spacer guten-pK1YtP\"><\/div>\n<\/div><\/div><\/div>\n\n\n\n<div class=\"wp-block-gutenverse-column guten-element guten-column guten-1k9v4j\"><div class=\"guten-background-overlay\"><\/div><div class=\"sticky-wrapper\" data-id=\"1k9v4j\"><div class=\"guten-column-wrapper\">\n<h2 class=\"wp-block-gutenverse-heading guten-element guten-cBVIUB animated guten-element-hide desktop-fadeInRight\" id=\"al_processing\">Entwurf <\/h2>\n\n\n\n<div class=\"guten-element gutenverse-text-editor guten-8QZ8wz animated guten-element-hide desktop-fadeInRight\"><div class=\"text-content-inner\">\n<p class=\"has-zeever-third-color has-text-color\">Entwurf des Algorithmus unter Verwendung einer der verschiedenen Probleml\u00f6sungstechniken, wie z. B. der Voracious-Technik, der Divide-and-Conquer-Technik, der dynamischen Programmierung, der linearen Programmierung und der Verwendung von Graphen.<\/p>\n<\/div><\/div>\n<\/div><\/div><\/div>\n<\/div><\/section><\/div>\n<\/div><\/div><\/div>\n<\/div><\/section><\/div>\n\n\n\n<div class=\"section-wrapper\" data-id=\"toR2sw\"><section class=\"wp-block-gutenverse-section guten-element guten-section guten-toR2sw layout-boxed align-stretch\"><div class=\"guten-background-overlay\"><\/div><div class=\"guten-shape-divider guten-shape-divider-top\"><\/div><div class=\"guten-shape-divider guten-shape-divider-bottom\"><\/div><div class=\"guten-container guten-column-gap-default\">\n<div class=\"wp-block-gutenverse-column guten-element guten-column guten-4Z0g23\" id=\"al_analysis\"><div class=\"guten-background-overlay\"><\/div><div class=\"sticky-wrapper\" data-id=\"4Z0g23\"><div class=\"guten-column-wrapper\">\n<div class=\"section-wrapper\" data-id=\"PUDWWi\"><section class=\"wp-block-gutenverse-section guten-element guten-section guten-PUDWWi layout-boxed align-stretch\"><div class=\"guten-background-overlay\"><\/div><div class=\"guten-shape-divider guten-shape-divider-top\"><\/div><div class=\"guten-shape-divider guten-shape-divider-bottom\"><\/div><div class=\"guten-container guten-column-gap-no\">\n<div class=\"wp-block-gutenverse-column guten-element guten-column guten-Sk9OPT\"><div class=\"guten-background-overlay\"><\/div><div class=\"sticky-wrapper\" data-id=\"Sk9OPT\"><div class=\"guten-column-wrapper\">\n<h2 class=\"wp-block-gutenverse-heading guten-element guten-gRrq5q animated guten-element-hide desktop-fadeInLeft\">Analyse<\/h2>\n\n\n\n<div class=\"guten-element gutenverse-text-editor guten-DSlzQd animated guten-element-hide desktop-fadeInLeft\"><div class=\"text-content-inner\">\n<p class=\"has-zeever-third-color has-text-color\">Analyse des Algorithmus, Bewertung seiner Effizienz anhand der maximalen Anzahl von Operationen, die der Algorithmus zur L\u00f6sung des Problems durchf\u00fchrt.<\/p>\n<\/div><\/div>\n<\/div><\/div><\/div>\n\n\n\n<div class=\"wp-block-gutenverse-column guten-element guten-column guten-aF9g2o animated guten-element-hide desktop-fadeInRight\"><div class=\"guten-background-overlay\"><\/div><div class=\"sticky-wrapper\" data-id=\"aF9g2o\"><div class=\"guten-column-wrapper\">\n<div class=\"guten-element guten-spacer guten-iWWLSs\"><\/div>\n<\/div><\/div><\/div>\n<\/div><\/section><\/div>\n<\/div><\/div><\/div>\n<\/div><\/section><\/div>\n\n\n\n<div class=\"section-wrapper\" data-id=\"H8d2EO\"><section class=\"wp-block-gutenverse-section guten-element guten-section guten-H8d2EO layout-boxed align-stretch\"><div class=\"guten-background-overlay\"><\/div><div class=\"guten-shape-divider guten-shape-divider-top\"><\/div><div class=\"guten-shape-divider guten-shape-divider-bottom\"><\/div><div class=\"guten-container guten-column-gap-default\">\n<div class=\"wp-block-gutenverse-column guten-element guten-column guten-AoWPJO\" id=\"al_target\"><div class=\"guten-background-overlay\"><\/div><div class=\"sticky-wrapper\" data-id=\"AoWPJO\"><div class=\"guten-column-wrapper\">\n<div class=\"section-wrapper\" data-id=\"PVvNz3\"><section class=\"wp-block-gutenverse-section guten-element guten-section guten-PVvNz3 layout-boxed align-stretch\"><div class=\"guten-background-overlay\"><\/div><div class=\"guten-shape-divider guten-shape-divider-top\"><\/div><div class=\"guten-shape-divider guten-shape-divider-bottom\"><\/div><div class=\"guten-container guten-column-gap-no\">\n<div class=\"wp-block-gutenverse-column guten-element guten-column guten-6v8Nk9 animated guten-element-hide desktop-fadeInLeft\"><div class=\"guten-background-overlay\"><\/div><div class=\"sticky-wrapper\" data-id=\"6v8Nk9\"><div class=\"guten-column-wrapper\">\n<div class=\"guten-element guten-spacer guten-PPRAWw\"><\/div>\n<\/div><\/div><\/div>\n\n\n\n<div class=\"wp-block-gutenverse-column guten-element guten-column guten-C2FamW\"><div class=\"guten-background-overlay\"><\/div><div class=\"sticky-wrapper\" data-id=\"C2FamW\"><div class=\"guten-column-wrapper\">\n<h2 class=\"wp-block-gutenverse-heading guten-element guten-rOTdRc animated guten-element-hide desktop-fadeInRight\">Ziel <\/h2>\n\n\n\n<div class=\"guten-element gutenverse-text-editor guten-H5rWBY animated guten-element-hide desktop-fadeInRight\"><div class=\"text-content-inner\">\n<p class=\"has-zeever-third-color has-text-color\">Festlegung der Ziel- oder Mehrzielfunktion, die es erm\u00f6glicht, die optimale L\u00f6sung unter allen m\u00f6glichen L\u00f6sungen zu finden.<\/p>\n<\/div><\/div>\n<\/div><\/div><\/div>\n<\/div><\/section><\/div>\n<\/div><\/div><\/div>\n<\/div><\/section><\/div>\n\n\n\n<div class=\"section-wrapper\" data-id=\"l8jUyS\"><section class=\"wp-block-gutenverse-section guten-element guten-section guten-l8jUyS layout-boxed align-stretch\"><div class=\"guten-background-overlay\"><\/div><div class=\"guten-shape-divider guten-shape-divider-top\"><\/div><div class=\"guten-shape-divider guten-shape-divider-bottom\"><\/div><div class=\"guten-container guten-column-gap-default\">\n<div class=\"wp-block-gutenverse-column guten-element guten-column guten-YcNBv8\" id=\"al_deployment\"><div class=\"guten-background-overlay\"><\/div><div class=\"sticky-wrapper\" data-id=\"YcNBv8\"><div class=\"guten-column-wrapper\">\n<div class=\"section-wrapper\" data-id=\"pZTwuZ\"><section class=\"wp-block-gutenverse-section guten-element guten-section guten-pZTwuZ layout-boxed align-stretch\"><div class=\"guten-background-overlay\"><\/div><div class=\"guten-shape-divider guten-shape-divider-top\"><\/div><div class=\"guten-shape-divider guten-shape-divider-bottom\"><\/div><div class=\"guten-container guten-column-gap-no\">\n<div class=\"wp-block-gutenverse-column guten-element guten-column guten-PZv0CX\"><div class=\"guten-background-overlay\"><\/div><div class=\"sticky-wrapper\" data-id=\"PZv0CX\"><div class=\"guten-column-wrapper\">\n<h2 class=\"wp-block-gutenverse-heading guten-element guten-G5HWER animated guten-element-hide desktop-fadeInLeft\">Einsatz<\/h2>\n\n\n\n<div class=\"guten-element gutenverse-text-editor guten-PoRZyj animated guten-element-hide desktop-fadeInLeft\"><div class=\"text-content-inner\">\n<p class=\"has-zeever-third-color has-text-color\">Festlegung einer Strategie zur \u00c4nderung der Hyperparameter, wobei mehrere Tests des gew\u00e4hlten Algorithmus mit jedem Satz von Hyperparametern durchgef\u00fchrt werden und derjenige ausgew\u00e4hlt wird, der das beste Ergebnis liefert. Es wird ein Protokoll \u00fcber m\u00f6gliche Verbesserungen, die in Zukunft umgesetzt werden sollen, und \u00fcber die gewonnenen Erkenntnisse erstellt.<\/p>\n<\/div><\/div>\n<\/div><\/div><\/div>\n\n\n\n<div class=\"wp-block-gutenverse-column guten-element guten-column guten-MPb8Z8 animated guten-element-hide desktop-fadeInRight\"><div class=\"guten-background-overlay\"><\/div><div class=\"sticky-wrapper\" data-id=\"MPb8Z8\"><div class=\"guten-column-wrapper\">\n<div class=\"guten-element guten-spacer guten-2MN88d\"><\/div>\n<\/div><\/div><\/div>\n<\/div><\/section><\/div>\n<\/div><\/div><\/div>\n<\/div><\/section><\/div>","protected":false},"excerpt":{"rendered":"","protected":false},"author":1,"featured_media":0,"parent":0,"menu_order":0,"comment_status":"closed","ping_status":"closed","template":"wp-custom-template-solution-pm-2-a","meta":{"jetpack_post_was_ever_published":true,"footnotes":""},"class_list":["post-323","page","type-page","status-publish","hentry"],"jetpack-related-posts":[],"jetpack_sharing_enabled":true,"_links":{"self":[{"href":"https:\/\/pmrobots.com\/de\/wp-json\/wp\/v2\/pages\/323","targetHints":{"allow":["GET"]}}],"collection":[{"href":"https:\/\/pmrobots.com\/de\/wp-json\/wp\/v2\/pages"}],"about":[{"href":"https:\/\/pmrobots.com\/de\/wp-json\/wp\/v2\/types\/page"}],"author":[{"embeddable":true,"href":"https:\/\/pmrobots.com\/de\/wp-json\/wp\/v2\/users\/1"}],"replies":[{"embeddable":true,"href":"https:\/\/pmrobots.com\/de\/wp-json\/wp\/v2\/comments?post=323"}],"version-history":[{"count":35,"href":"https:\/\/pmrobots.com\/de\/wp-json\/wp\/v2\/pages\/323\/revisions"}],"predecessor-version":[{"id":1832,"href":"https:\/\/pmrobots.com\/de\/wp-json\/wp\/v2\/pages\/323\/revisions\/1832"}],"wp:attachment":[{"href":"https:\/\/pmrobots.com\/de\/wp-json\/wp\/v2\/media?parent=323"}],"curies":[{"name":"wp","href":"https:\/\/api.w.org\/{rel}","templated":true}]}}