{"id":281,"date":"2023-10-27T18:08:30","date_gmt":"2023-10-27T16:08:30","guid":{"rendered":"https:\/\/pmrobots.com\/?page_id=281"},"modified":"2023-12-28T08:30:56","modified_gmt":"2023-12-28T07:30:56","slug":"artificial-intelligence","status":"publish","type":"page","link":"https:\/\/pmrobots.com\/de\/artificial-intelligence\/","title":{"rendered":"PM2AI"},"content":{"rendered":"<div class=\"section-wrapper\" data-id=\"z9Xm7d\"><section class=\"wp-block-gutenverse-section guten-element guten-section guten-z9Xm7d layout-boxed align-stretch\"><div class=\"guten-background-overlay\"><\/div><div class=\"guten-shape-divider guten-shape-divider-top\"><\/div><div class=\"guten-shape-divider guten-shape-divider-bottom\"><\/div><div class=\"guten-container guten-column-gap-default\">\n<div class=\"wp-block-gutenverse-column guten-element guten-column guten-oEerYA\"><div class=\"guten-background-overlay\"><\/div><div class=\"sticky-wrapper\" data-id=\"oEerYA\"><div class=\"guten-column-wrapper\">\n<div class=\"section-wrapper\" data-id=\"cIb3kj\"><section class=\"wp-block-gutenverse-section guten-element guten-section guten-cIb3kj layout-boxed align-stretch\"><div class=\"guten-background-overlay\"><\/div><div class=\"guten-shape-divider guten-shape-divider-top\"><\/div><div class=\"guten-shape-divider guten-shape-divider-bottom\"><\/div><div class=\"guten-container guten-column-gap-no\">\n<div class=\"wp-block-gutenverse-column guten-element guten-column guten-iKOMMC\"><div class=\"guten-background-overlay\"><\/div><div class=\"sticky-wrapper\" data-id=\"iKOMMC\"><div class=\"guten-column-wrapper\">\n<div class=\"guten-element guten-advanced-heading guten-PDDxFf animated guten-element-hide desktop-fadeInLeft\"><div class=\"heading-section\"><div class=\"heading-line before\"><\/div><h2 class=\"heading-title\">Process manufacturing 2<span class=\"heading-focus\"> k\u00fcnstliche Intelligenz<\/span><\/h2><\/div><span class=\"heading-subtitle\">K\u00fcnstliche Intelligenz f\u00fcr Entscheidungs- und Produktionssysteme. Innovative Dienstleistung. Entwicklung und Implementierung von autonomen, fortschrittlichen Vorhersagemodellen auf der Grundlage von k\u00fcnstlicher Intelligenz. Die verwendeten Technologien sind: \u00fcberwachtes Lernen, un\u00fcberwachtes Lernen, halb\u00fcberwachtes Lernen, Verst\u00e4rkungslernen und approximatives Schlussfolgern unter Anwendung des CRISP-DM-Verfahrens.<\/span><\/div>\n<\/div><\/div><\/div>\n\n\n\n<div class=\"wp-block-gutenverse-column guten-element guten-column guten-K5M2jx hide-mobile\"><div class=\"guten-background-overlay\"><\/div><div class=\"sticky-wrapper\" data-id=\"K5M2jx\"><div class=\"guten-column-wrapper\"><\/div><\/div><\/div>\n<\/div><\/section><\/div>\n\n\n\n<div class=\"section-wrapper\" data-id=\"2l4D8j\"><section class=\"wp-block-gutenverse-section guten-element guten-section guten-2l4D8j layout-boxed align-stretch\"><div class=\"guten-background-overlay\"><\/div><div class=\"guten-shape-divider guten-shape-divider-top\"><\/div><div class=\"guten-shape-divider guten-shape-divider-bottom\"><\/div><div class=\"guten-container guten-column-gap-no\">\n<div class=\"wp-block-gutenverse-column guten-element guten-column guten-tItiIU\"><div class=\"guten-background-overlay\"><\/div><div class=\"sticky-wrapper\" data-id=\"tItiIU\"><div class=\"guten-column-wrapper\">\n<div class=\"guten-element guten-59Mvh9 animated guten-element-hide desktop-fadeInUp guten-icon-box icon-position-undefined\"><div class=\"guten-icon-box-wrapper hover-from-left\"><div class=\"icon-box icon-box-header\"><div class=\"icon style-color\"><a class=\"\" href=\"#ai_data\"><i class=\"gtn gtn-database-light\"><\/i><\/a><\/div><\/div><div class=\"icon-box icon-box-body\"><a class=\"\" href=\"#ai_data\"><h3 class=\"title\">Daten<\/h3><\/a><p class=\"icon-box-description\">Datensammlung<br><\/p><\/div><\/div><\/div>\n<\/div><\/div><\/div>\n\n\n\n<div class=\"wp-block-gutenverse-column guten-element guten-column guten-ID6Q6U\"><div class=\"guten-background-overlay\"><\/div><div class=\"sticky-wrapper\" data-id=\"ID6Q6U\"><div class=\"guten-column-wrapper\">\n<div class=\"guten-element guten-Zmdlvs animated guten-element-hide desktop-fadeInUp guten-icon-box icon-position-undefined\"><div class=\"guten-icon-box-wrapper hover-from-left\"><div class=\"icon-box icon-box-header\"><div class=\"icon style-color\"><a class=\"\" href=\"#ai_standardisation\"><i class=\"gtn gtn-table-solid\"><\/i><\/a><\/div><\/div><div class=\"icon-box icon-box-body\"><a class=\"\" href=\"#ai_standardisation\"><h3 class=\"title\">Standardisierung<\/h3><\/a><p class=\"icon-box-description\">Validierung und Standardisierung von Daten<\/p><\/div><\/div><\/div>\n<\/div><\/div><\/div>\n\n\n\n<div class=\"wp-block-gutenverse-column guten-element guten-column guten-7kSJkI\"><div class=\"guten-background-overlay\"><\/div><div class=\"sticky-wrapper\" data-id=\"7kSJkI\"><div class=\"guten-column-wrapper\">\n<div class=\"guten-element guten-Q2xRWE animated guten-element-hide desktop-fadeInUp guten-icon-box icon-position-undefined\"><div class=\"guten-icon-box-wrapper hover-from-left\"><div class=\"icon-box icon-box-header\"><div class=\"icon style-color\"><a class=\"\" href=\"#ai_modelling\"><i class=\"gtn gtn-connectdevelop\"><\/i><\/a><\/div><\/div><div class=\"icon-box icon-box-body\"><a class=\"\" href=\"#ai_modelling\"><h3 class=\"title\">Modellierung<\/h3><\/a><p class=\"icon-box-description\">Modellierungsansatz<\/p><\/div><\/div><\/div>\n<\/div><\/div><\/div>\n<\/div><\/section><\/div>\n\n\n\n<div class=\"section-wrapper\" data-id=\"YfLNHZ\"><section class=\"wp-block-gutenverse-section guten-element guten-section guten-YfLNHZ layout-boxed align-stretch\"><div class=\"guten-background-overlay\"><\/div><div class=\"guten-shape-divider guten-shape-divider-top\"><\/div><div class=\"guten-shape-divider guten-shape-divider-bottom\"><\/div><div class=\"guten-container guten-column-gap-no\">\n<div class=\"wp-block-gutenverse-column guten-element guten-column guten-KJgP8L\"><div class=\"guten-background-overlay\"><\/div><div class=\"sticky-wrapper\" data-id=\"KJgP8L\"><div class=\"guten-column-wrapper\">\n<div class=\"guten-element guten-16YApw animated guten-element-hide desktop-fadeInUp guten-icon-box icon-position-undefined\"><div class=\"guten-icon-box-wrapper hover-from-left\"><div class=\"icon-box icon-box-header\"><div class=\"icon style-color\"><a class=\"\" href=\"#ai_training\"><i class=\"fas fa-running\"><\/i><\/a><\/div><\/div><div class=\"icon-box icon-box-body\"><a class=\"\" href=\"#ai_training\"><h3 class=\"title\">Training<\/h3><\/a><p class=\"icon-box-description\">Modelltraining und -validierung<\/p><\/div><\/div><\/div>\n<\/div><\/div><\/div>\n\n\n\n<div class=\"wp-block-gutenverse-column guten-element guten-column guten-OH9bPJ animated guten-element-hide desktop-fadeInUp\"><div class=\"guten-background-overlay\"><\/div><div class=\"sticky-wrapper\" data-id=\"OH9bPJ\"><div class=\"guten-column-wrapper\">\n<div class=\"guten-element guten-PIoali animated guten-element-hide desktop-fadeInUp guten-icon-box icon-position-undefined\"><div class=\"guten-icon-box-wrapper hover-from-left\"><div class=\"icon-box icon-box-header\"><div class=\"icon style-color\"><a class=\"\" href=\"#ai_test\"><i class=\"fas fa-flask\"><\/i><\/a><\/div><\/div><div class=\"icon-box icon-box-body\"><a class=\"\" href=\"#ai_test\"><h3 class=\"title\">Testen<\/h3><\/a><p class=\"icon-box-description\">Modellauswahl und Testen<br><\/p><\/div><\/div><\/div>\n<\/div><\/div><\/div>\n\n\n\n<div class=\"wp-block-gutenverse-column guten-element guten-column guten-gxxASI\"><div class=\"guten-background-overlay\"><\/div><div class=\"sticky-wrapper\" data-id=\"gxxASI\"><div class=\"guten-column-wrapper\">\n<div class=\"guten-element guten-5s5vjO animated guten-element-hide desktop-fadeInUp guten-icon-box icon-position-undefined\"><div class=\"guten-icon-box-wrapper hover-from-left\"><div class=\"icon-box icon-box-header\"><div class=\"icon style-color\"><a class=\"\" href=\"#ai_validation\"><i class=\"fas fa-flag-checkered\"><\/i><\/a><\/div><\/div><div class=\"icon-box icon-box-body\"><a class=\"\" href=\"#ai_validation\"><h3 class=\"title\">Validierung<\/h3><\/a><p class=\"icon-box-description\">Modellauslieferung und endg\u00fcltige Produktionsvalidierung beim Kunden vor Ort<\/p><\/div><\/div><\/div>\n<\/div><\/div><\/div>\n<\/div><\/section><\/div>\n<\/div><\/div><\/div>\n<\/div><\/section><\/div>\n\n\n\n<div class=\"section-wrapper\" data-id=\"hFpcG5\"><section class=\"wp-block-gutenverse-section guten-element guten-section guten-hFpcG5 layout-boxed align-stretch\"><div class=\"guten-background-overlay\"><\/div><div class=\"guten-shape-divider guten-shape-divider-top\"><\/div><div class=\"guten-shape-divider guten-shape-divider-bottom\"><\/div><div class=\"guten-container guten-column-gap-default\">\n<div class=\"wp-block-gutenverse-column guten-element guten-column guten-gvjkzy\" id=\"ai_data\"><div class=\"guten-background-overlay\"><\/div><div class=\"sticky-wrapper\" data-id=\"gvjkzy\"><div class=\"guten-column-wrapper\">\n<div class=\"section-wrapper\" data-id=\"VDLDpz\"><section class=\"wp-block-gutenverse-section guten-element guten-section guten-VDLDpz layout-boxed align-stretch\"><div class=\"guten-background-overlay\"><\/div><div class=\"guten-shape-divider guten-shape-divider-top\"><\/div><div class=\"guten-shape-divider guten-shape-divider-bottom\"><\/div><div class=\"guten-container guten-column-gap-no\">\n<div class=\"wp-block-gutenverse-column guten-element guten-column guten-rL644p animated guten-element-hide desktop-fadeInLeft\"><div class=\"guten-background-overlay\"><\/div><div class=\"sticky-wrapper\" data-id=\"rL644p\"><div class=\"guten-column-wrapper\">\n<div class=\"guten-element guten-spacer guten-xaawKg\"><\/div>\n<\/div><\/div><\/div>\n\n\n\n<div class=\"wp-block-gutenverse-column guten-element guten-column guten-TLmyy2\"><div class=\"guten-background-overlay\"><\/div><div class=\"sticky-wrapper\" data-id=\"TLmyy2\"><div class=\"guten-column-wrapper\">\n<h2 class=\"wp-block-gutenverse-heading guten-element guten-ciMmEW animated guten-element-hide desktop-fadeInRight\">Daten <\/h2>\n\n\n\n<div class=\"guten-element gutenverse-text-editor guten-mXxvcv animated guten-element-hide desktop-fadeInRight\"><div class=\"text-content-inner\">\n<p class=\"has-zeever-third-color has-text-color\">Dieses Paket umfasst das Verst\u00e4ndnis von Gesch\u00e4ft und Daten. Die Projektanforderungen und -ziele werden aus gesch\u00e4ftlicher Sicht festgelegt und dann in technische Ziele und einen Projektplan umgesetzt. Eine erste Datenerfassung und -auswertung wird durchgef\u00fchrt, um Verbesserungspotenzial in Ihrem Prozess herauszuarbeiten.<\/p>\n<\/div><\/div>\n<\/div><\/div><\/div>\n<\/div><\/section><\/div>\n<\/div><\/div><\/div>\n<\/div><\/section><\/div>\n\n\n\n<div class=\"section-wrapper\" data-id=\"EFhma7\"><section class=\"wp-block-gutenverse-section guten-element guten-section guten-EFhma7 layout-boxed align-stretch\"><div class=\"guten-background-overlay\"><\/div><div class=\"guten-shape-divider guten-shape-divider-top\"><\/div><div class=\"guten-shape-divider guten-shape-divider-bottom\"><\/div><div class=\"guten-container guten-column-gap-default\">\n<div class=\"wp-block-gutenverse-column guten-element guten-column guten-SOl3ia\" id=\"ai_standardisation\"><div class=\"guten-background-overlay\"><\/div><div class=\"sticky-wrapper\" data-id=\"SOl3ia\"><div class=\"guten-column-wrapper\">\n<div class=\"section-wrapper\" data-id=\"kz7qos\"><section class=\"wp-block-gutenverse-section guten-element guten-section guten-kz7qos layout-boxed align-stretch\"><div class=\"guten-background-overlay\"><\/div><div class=\"guten-shape-divider guten-shape-divider-top\"><\/div><div class=\"guten-shape-divider guten-shape-divider-bottom\"><\/div><div class=\"guten-container guten-column-gap-no\">\n<div class=\"wp-block-gutenverse-column guten-element guten-column guten-SMLfoa\"><div class=\"guten-background-overlay\"><\/div><div class=\"sticky-wrapper\" data-id=\"SMLfoa\"><div class=\"guten-column-wrapper\">\n<h2 class=\"wp-block-gutenverse-heading guten-element guten-G2cLjC animated guten-element-hide desktop-fadeInLeft\">Standardisierung<\/h2>\n\n\n\n<div class=\"guten-element gutenverse-text-editor guten-uNtLbk animated guten-element-hide desktop-fadeInLeft\"><div class=\"text-content-inner\">\n<p class=\"has-zeever-third-color has-text-color\">In dieser Phase geht es um die Auswahl, Bereinigung und Erstellung korrekter Datens\u00e4tze, die organisiert und f\u00fcr die Modellierungsphase vorbereitet werden.<\/p>\n<\/div><\/div>\n<\/div><\/div><\/div>\n\n\n\n<div class=\"wp-block-gutenverse-column guten-element guten-column guten-KwtToy animated guten-element-hide desktop-fadeInRight\"><div class=\"guten-background-overlay\"><\/div><div class=\"sticky-wrapper\" data-id=\"KwtToy\"><div class=\"guten-column-wrapper\">\n<div class=\"guten-element guten-spacer guten-Z2JhcF\"><\/div>\n<\/div><\/div><\/div>\n<\/div><\/section><\/div>\n<\/div><\/div><\/div>\n<\/div><\/section><\/div>\n\n\n\n<div class=\"section-wrapper\" data-id=\"f3ku8J\"><section class=\"wp-block-gutenverse-section guten-element guten-section guten-f3ku8J layout-boxed align-stretch\"><div class=\"guten-background-overlay\"><\/div><div class=\"guten-shape-divider guten-shape-divider-top\"><\/div><div class=\"guten-shape-divider guten-shape-divider-bottom\"><\/div><div class=\"guten-container guten-column-gap-default\">\n<div class=\"wp-block-gutenverse-column guten-element guten-column guten-hlW0UD\" id=\"ai_modelling\"><div class=\"guten-background-overlay\"><\/div><div class=\"sticky-wrapper\" data-id=\"hlW0UD\"><div class=\"guten-column-wrapper\">\n<div class=\"section-wrapper\" data-id=\"7TMKoP\"><section class=\"wp-block-gutenverse-section guten-element guten-section guten-7TMKoP layout-boxed align-stretch\"><div class=\"guten-background-overlay\"><\/div><div class=\"guten-shape-divider guten-shape-divider-top\"><\/div><div class=\"guten-shape-divider guten-shape-divider-bottom\"><\/div><div class=\"guten-container guten-column-gap-no\">\n<div class=\"wp-block-gutenverse-column guten-element guten-column guten-sArM7z animated guten-element-hide desktop-fadeInLeft\"><div class=\"guten-background-overlay\"><\/div><div class=\"sticky-wrapper\" data-id=\"sArM7z\"><div class=\"guten-column-wrapper\">\n<div class=\"guten-element guten-spacer guten-EjwdSQ\"><\/div>\n<\/div><\/div><\/div>\n\n\n\n<div class=\"wp-block-gutenverse-column guten-element guten-column guten-rRtYZT\"><div class=\"guten-background-overlay\"><\/div><div class=\"sticky-wrapper\" data-id=\"rRtYZT\"><div class=\"guten-column-wrapper\">\n<h2 class=\"wp-block-gutenverse-heading guten-element guten-gh1Puc animated guten-element-hide desktop-fadeInRight\">Modellierung <\/h2>\n\n\n\n<div class=\"guten-element gutenverse-text-editor guten-qUa7Q8 animated guten-element-hide desktop-fadeInRight\"><div class=\"text-content-inner\">\n<p class=\"has-zeever-third-color has-text-color\">Erstellung von Wissensmodellen auf der Grundlage der in der vorherigen Phase gelieferten Daten.<\/p>\n<\/div><\/div>\n<\/div><\/div><\/div>\n<\/div><\/section><\/div>\n<\/div><\/div><\/div>\n<\/div><\/section><\/div>\n\n\n\n<div class=\"section-wrapper\" data-id=\"pAnQUo\"><section class=\"wp-block-gutenverse-section guten-element guten-section guten-pAnQUo layout-boxed align-stretch\"><div class=\"guten-background-overlay\"><\/div><div class=\"guten-shape-divider guten-shape-divider-top\"><\/div><div class=\"guten-shape-divider guten-shape-divider-bottom\"><\/div><div class=\"guten-container guten-column-gap-default\">\n<div class=\"wp-block-gutenverse-column guten-element guten-column guten-2BmDkL\" id=\"ai_training\"><div class=\"guten-background-overlay\"><\/div><div class=\"sticky-wrapper\" data-id=\"2BmDkL\"><div class=\"guten-column-wrapper\">\n<div class=\"section-wrapper\" data-id=\"55oj33\"><section class=\"wp-block-gutenverse-section guten-element guten-section guten-55oj33 layout-boxed align-stretch\"><div class=\"guten-background-overlay\"><\/div><div class=\"guten-shape-divider guten-shape-divider-top\"><\/div><div class=\"guten-shape-divider guten-shape-divider-bottom\"><\/div><div class=\"guten-container guten-column-gap-no\">\n<div class=\"wp-block-gutenverse-column guten-element guten-column guten-b8Hgw6\"><div class=\"guten-background-overlay\"><\/div><div class=\"sticky-wrapper\" data-id=\"b8Hgw6\"><div class=\"guten-column-wrapper\">\n<h2 class=\"wp-block-gutenverse-heading guten-element guten-YxvEsK animated guten-element-hide desktop-fadeInLeft\">Training<\/h2>\n\n\n\n<div class=\"guten-element gutenverse-text-editor guten-EVpUXE animated guten-element-hide desktop-fadeInLeft\"><div class=\"text-content-inner\">\n<p class=\"has-zeever-third-color has-text-color\">Es wird eine Segmentierung der verf\u00fcgbaren Daten f\u00fcr das Training und die anschlie\u00dfende Test- und Validierungsphase vorgenommen. Dar\u00fcber hinaus wird bewertet, ob es notwendig ist, die Daten mit Hilfe der Technik der Datenerweiterung zu erg\u00e4nzen. W\u00e4hrend des Trainings werden die Hyperparameter, die den untersuchten industriellen Prozess definieren, f\u00fcr jedes gew\u00e4hlte Modell ermittelt.<\/p>\n<\/div><\/div>\n<\/div><\/div><\/div>\n\n\n\n<div class=\"wp-block-gutenverse-column guten-element guten-column guten-M6ipHB animated guten-element-hide desktop-fadeInRight\"><div class=\"guten-background-overlay\"><\/div><div class=\"sticky-wrapper\" data-id=\"M6ipHB\"><div class=\"guten-column-wrapper\">\n<div class=\"guten-element guten-spacer guten-REBpc5\"><\/div>\n<\/div><\/div><\/div>\n<\/div><\/section><\/div>\n<\/div><\/div><\/div>\n<\/div><\/section><\/div>\n\n\n\n<div class=\"section-wrapper\" data-id=\"H8d2EO\"><section class=\"wp-block-gutenverse-section guten-element guten-section guten-H8d2EO layout-boxed align-stretch\"><div class=\"guten-background-overlay\"><\/div><div class=\"guten-shape-divider guten-shape-divider-top\"><\/div><div class=\"guten-shape-divider guten-shape-divider-bottom\"><\/div><div class=\"guten-container guten-column-gap-default\">\n<div class=\"wp-block-gutenverse-column guten-element guten-column guten-AoWPJO\" id=\"ai_test\"><div class=\"guten-background-overlay\"><\/div><div class=\"sticky-wrapper\" data-id=\"AoWPJO\"><div class=\"guten-column-wrapper\">\n<div class=\"section-wrapper\" data-id=\"PVvNz3\"><section class=\"wp-block-gutenverse-section guten-element guten-section guten-PVvNz3 layout-boxed align-stretch\"><div class=\"guten-background-overlay\"><\/div><div class=\"guten-shape-divider guten-shape-divider-top\"><\/div><div class=\"guten-shape-divider guten-shape-divider-bottom\"><\/div><div class=\"guten-container guten-column-gap-no\">\n<div class=\"wp-block-gutenverse-column guten-element guten-column guten-6v8Nk9 animated guten-element-hide desktop-fadeInLeft\"><div class=\"guten-background-overlay\"><\/div><div class=\"sticky-wrapper\" data-id=\"6v8Nk9\"><div class=\"guten-column-wrapper\">\n<div class=\"guten-element guten-spacer guten-PPRAWw\"><\/div>\n<\/div><\/div><\/div>\n\n\n\n<div class=\"wp-block-gutenverse-column guten-element guten-column guten-C2FamW\"><div class=\"guten-background-overlay\"><\/div><div class=\"sticky-wrapper\" data-id=\"C2FamW\"><div class=\"guten-column-wrapper\">\n<h2 class=\"wp-block-gutenverse-heading guten-element guten-rOTdRc animated guten-element-hide desktop-fadeInRight\">Testen <\/h2>\n\n\n\n<div class=\"guten-element gutenverse-text-editor guten-H5rWBY animated guten-element-hide desktop-fadeInRight\"><div class=\"text-content-inner\">\n<p class=\"has-zeever-third-color has-text-color\">Nach dem Training der Modelle werden die erhaltenen Modelle unter Ber\u00fccksichtigung der Erf\u00fcllung der Erfolgskriterien des zu Beginn des Projekts gestellten Gesch\u00e4ftsproblems und unter Verwendung des Wissens \u00fcber den Problembereich bewertet.<\/p>\n<\/div><\/div>\n<\/div><\/div><\/div>\n<\/div><\/section><\/div>\n<\/div><\/div><\/div>\n<\/div><\/section><\/div>\n\n\n\n<div class=\"section-wrapper\" data-id=\"l8jUyS\"><section class=\"wp-block-gutenverse-section guten-element guten-section guten-l8jUyS layout-boxed align-stretch\"><div class=\"guten-background-overlay\"><\/div><div class=\"guten-shape-divider guten-shape-divider-top\"><\/div><div class=\"guten-shape-divider guten-shape-divider-bottom\"><\/div><div class=\"guten-container guten-column-gap-default\">\n<div class=\"wp-block-gutenverse-column guten-element guten-column guten-YcNBv8\" id=\"ai_validation\"><div class=\"guten-background-overlay\"><\/div><div class=\"sticky-wrapper\" data-id=\"YcNBv8\"><div class=\"guten-column-wrapper\">\n<div class=\"section-wrapper\" data-id=\"pZTwuZ\"><section class=\"wp-block-gutenverse-section guten-element guten-section guten-pZTwuZ layout-boxed align-stretch\"><div class=\"guten-background-overlay\"><\/div><div class=\"guten-shape-divider guten-shape-divider-top\"><\/div><div class=\"guten-shape-divider guten-shape-divider-bottom\"><\/div><div class=\"guten-container guten-column-gap-no\">\n<div class=\"wp-block-gutenverse-column guten-element guten-column guten-PZv0CX\"><div class=\"guten-background-overlay\"><\/div><div class=\"sticky-wrapper\" data-id=\"PZv0CX\"><div class=\"guten-column-wrapper\">\n<h2 class=\"wp-block-gutenverse-heading guten-element guten-G5HWER animated guten-element-hide desktop-fadeInLeft\">Validierung<\/h2>\n\n\n\n<div class=\"guten-element gutenverse-text-editor guten-PoRZyj animated guten-element-hide desktop-fadeInLeft\"><div class=\"text-content-inner\">\n<p class=\"has-zeever-third-color has-text-color\">Das ausgew\u00e4hlte Modell wird validiert. Die gewonnenen Erkenntnisse werden in Aktionen innerhalb des Gesch\u00e4ftsprozesses umgewandelt, wobei die erstellten Modelle und die bei der Produktionst\u00e4tigkeit des Unternehmens gewonnenen Erkenntnisse verwendet werden. <\/p>\n<\/div><\/div>\n<\/div><\/div><\/div>\n\n\n\n<div class=\"wp-block-gutenverse-column guten-element guten-column guten-MPb8Z8 animated guten-element-hide desktop-fadeInRight\"><div class=\"guten-background-overlay\"><\/div><div class=\"sticky-wrapper\" data-id=\"MPb8Z8\"><div class=\"guten-column-wrapper\">\n<div class=\"guten-element guten-spacer guten-2MN88d\"><\/div>\n<\/div><\/div><\/div>\n<\/div><\/section><\/div>\n<\/div><\/div><\/div>\n<\/div><\/section><\/div>","protected":false},"excerpt":{"rendered":"","protected":false},"author":1,"featured_media":0,"parent":0,"menu_order":0,"comment_status":"closed","ping_status":"closed","template":"wp-custom-template-solution-pm-2-ai","meta":{"jetpack_post_was_ever_published":true,"footnotes":""},"class_list":["post-281","page","type-page","status-publish","hentry"],"jetpack-related-posts":[],"jetpack_sharing_enabled":true,"_links":{"self":[{"href":"https:\/\/pmrobots.com\/de\/wp-json\/wp\/v2\/pages\/281","targetHints":{"allow":["GET"]}}],"collection":[{"href":"https:\/\/pmrobots.com\/de\/wp-json\/wp\/v2\/pages"}],"about":[{"href":"https:\/\/pmrobots.com\/de\/wp-json\/wp\/v2\/types\/page"}],"author":[{"embeddable":true,"href":"https:\/\/pmrobots.com\/de\/wp-json\/wp\/v2\/users\/1"}],"replies":[{"embeddable":true,"href":"https:\/\/pmrobots.com\/de\/wp-json\/wp\/v2\/comments?post=281"}],"version-history":[{"count":48,"href":"https:\/\/pmrobots.com\/de\/wp-json\/wp\/v2\/pages\/281\/revisions"}],"predecessor-version":[{"id":1829,"href":"https:\/\/pmrobots.com\/de\/wp-json\/wp\/v2\/pages\/281\/revisions\/1829"}],"wp:attachment":[{"href":"https:\/\/pmrobots.com\/de\/wp-json\/wp\/v2\/media?parent=281"}],"curies":[{"name":"wp","href":"https:\/\/api.w.org\/{rel}","templated":true}]}}