{"id":273,"date":"2023-10-27T16:47:20","date_gmt":"2023-10-27T14:47:20","guid":{"rendered":"https:\/\/pmrobots.com\/?page_id=273"},"modified":"2023-12-28T09:03:38","modified_gmt":"2023-12-28T08:03:38","slug":"precision-manufacturing-with-robots","status":"publish","type":"page","link":"https:\/\/pmrobots.com\/de\/precision-manufacturing-with-robots\/","title":{"rendered":"PM2R"},"content":{"rendered":"<div class=\"section-wrapper\" data-id=\"z9Xm7d\"><section class=\"wp-block-gutenverse-section guten-element guten-section guten-z9Xm7d layout-boxed align-stretch\"><div class=\"guten-background-overlay\"><\/div><div class=\"guten-shape-divider guten-shape-divider-top\"><\/div><div class=\"guten-shape-divider guten-shape-divider-bottom\"><\/div><div class=\"guten-container guten-column-gap-default\">\n<div class=\"wp-block-gutenverse-column guten-element guten-column guten-oEerYA\"><div class=\"guten-background-overlay\"><\/div><div class=\"sticky-wrapper\" data-id=\"oEerYA\"><div class=\"guten-column-wrapper\">\n<div class=\"section-wrapper\" data-id=\"cIb3kj\"><section class=\"wp-block-gutenverse-section guten-element guten-section guten-cIb3kj layout-boxed align-stretch\"><div class=\"guten-background-overlay\"><\/div><div class=\"guten-shape-divider guten-shape-divider-top\"><\/div><div class=\"guten-shape-divider guten-shape-divider-bottom\"><\/div><div class=\"guten-container guten-column-gap-no\">\n<div class=\"wp-block-gutenverse-column guten-element guten-column guten-iKOMMC\" id=\"prueba\"><div class=\"guten-background-overlay\"><\/div><div class=\"sticky-wrapper\" data-id=\"iKOMMC\"><div class=\"guten-column-wrapper\">\n<div class=\"guten-element guten-advanced-heading guten-PDDxFf animated guten-element-hide desktop-fadeInLeft\"><div class=\"heading-section\"><div class=\"heading-line before\"><\/div><h2 class=\"heading-title\">Precision manufacturing 2<span class=\"heading-focus\"> robots<\/span><\/h2><\/div><span class=\"heading-subtitle\">Entwicklung und Implementierung von Algorithmen und Software f\u00fcr pr\u00e4zise Bearbeitungsprozesse mit Robotersystemen. Unser Unternehmen ist stolz darauf, fortschrittliche, hochmoderne L\u00f6sungen im Bereich der robotergest\u00fctzten Fertigung von Teilen mit strengen Toleranzanforderungen anzubieten. Es stehen 6 Pakete zur Verf\u00fcgung, je nach Ihren Bed\u00fcrfnissen. exklusiver innovativer Service #made_in_pmrobots. <\/span><\/div>\n<\/div><\/div><\/div>\n\n\n\n<div class=\"wp-block-gutenverse-column guten-element guten-column guten-K5M2jx hide-mobile\"><div class=\"guten-background-overlay\"><\/div><div class=\"sticky-wrapper\" data-id=\"K5M2jx\"><div class=\"guten-column-wrapper\"><\/div><\/div><\/div>\n<\/div><\/section><\/div>\n\n\n\n<div class=\"section-wrapper\" data-id=\"2l4D8j\"><section class=\"wp-block-gutenverse-section guten-element guten-section guten-2l4D8j layout-boxed align-stretch\"><div class=\"guten-background-overlay\"><\/div><div class=\"guten-shape-divider guten-shape-divider-top\"><\/div><div class=\"guten-shape-divider guten-shape-divider-bottom\"><\/div><div class=\"guten-container guten-column-gap-no\">\n<div class=\"wp-block-gutenverse-column guten-element guten-column guten-tItiIU\"><div class=\"guten-background-overlay\"><\/div><div class=\"sticky-wrapper\" data-id=\"tItiIU\"><div class=\"guten-column-wrapper\">\n<div class=\"guten-element guten-59Mvh9 animated guten-element-hide desktop-fadeInUp guten-icon-box icon-position-undefined\"><div class=\"guten-icon-box-wrapper hover-from-left\"><div class=\"icon-box icon-box-header\"><div class=\"icon style-color\"><a class=\"\" href=\"#feasibility-analysis\"><i class=\"fas fa-balance-scale\"><\/i><\/a><\/div><\/div><div class=\"icon-box icon-box-body\"><a class=\"\" href=\"#feasibility-analysis\"><h3 class=\"title\">Machbarkeit     <\/h3><\/a><p class=\"icon-box-description\">Machbarkeitsanalyse von Werkst\u00fcck(en) und Fertigungssystem<\/p><\/div><\/div><\/div>\n<\/div><\/div><\/div>\n\n\n\n<div class=\"wp-block-gutenverse-column guten-element guten-column guten-ID6Q6U\"><div class=\"guten-background-overlay\"><\/div><div class=\"sticky-wrapper\" data-id=\"ID6Q6U\"><div class=\"guten-column-wrapper\">\n<div class=\"guten-element guten-Zmdlvs animated guten-element-hide desktop-fadeInUp guten-icon-box icon-position-undefined\"><div class=\"guten-icon-box-wrapper hover-from-left\"><div class=\"icon-box icon-box-header\"><div class=\"icon style-color\"><a class=\"\" href=\"#machining-strategy\"><i class=\"fas fa-code\"><\/i><\/a><\/div><\/div><div class=\"icon-box icon-box-body\"><a class=\"\" href=\"#machining-strategy\"><h3 class=\"title\">Bearbeitungs- strategie  <\/h3><\/a><p class=\"icon-box-description\">Bearbeitungsstrategie in Fertigungszentrum(en)<\/p><\/div><\/div><\/div>\n<\/div><\/div><\/div>\n\n\n\n<div class=\"wp-block-gutenverse-column guten-element guten-column guten-7kSJkI\"><div class=\"guten-background-overlay\"><\/div><div class=\"sticky-wrapper\" data-id=\"7kSJkI\"><div class=\"guten-column-wrapper\">\n<div class=\"guten-element guten-Q2xRWE animated guten-element-hide desktop-fadeInUp guten-icon-box icon-position-undefined\"><div class=\"guten-icon-box-wrapper hover-from-left\"><div class=\"icon-box icon-box-header\"><div class=\"icon style-color\"><a class=\"\" href=\"#robot-strategy\"><i class=\"fas fa-share-alt\"><\/i><\/a><\/div><\/div><div class=\"icon-box icon-box-body\"><a class=\"\" href=\"#robot-strategy\"><h3 class=\"title\">Roboter-Strategie<\/h3><\/a><p class=\"icon-box-description\">Bearbeitungsstrategie in Roboter(n)<\/p><\/div><\/div><\/div>\n<\/div><\/div><\/div>\n<\/div><\/section><\/div>\n\n\n\n<div class=\"section-wrapper\" data-id=\"YfLNHZ\"><section class=\"wp-block-gutenverse-section guten-element guten-section guten-YfLNHZ layout-boxed align-stretch\"><div class=\"guten-background-overlay\"><\/div><div class=\"guten-shape-divider guten-shape-divider-top\"><\/div><div class=\"guten-shape-divider guten-shape-divider-bottom\"><\/div><div class=\"guten-container guten-column-gap-no\">\n<div class=\"wp-block-gutenverse-column guten-element guten-column guten-KJgP8L\"><div class=\"guten-background-overlay\"><\/div><div class=\"sticky-wrapper\" data-id=\"KJgP8L\"><div class=\"guten-column-wrapper\">\n<div class=\"guten-element guten-16YApw animated guten-element-hide desktop-fadeInUp guten-icon-box icon-position-undefined\"><div class=\"guten-icon-box-wrapper hover-from-left\"><div class=\"icon-box icon-box-header\"><div class=\"icon style-color\"><a class=\"\" href=\"#potential-optimisations\"><i class=\"fas fa-sort-amount-up\"><\/i><\/a><\/div><\/div><div class=\"icon-box icon-box-body\"><a class=\"\" href=\"#potential-optimisations\"><h3 class=\"title\">Optimierungen<\/h3><\/a><p class=\"icon-box-description\">Optimierungspotenziale in Prozess und Werkst\u00fcck<br><br><\/p><\/div><\/div><\/div>\n<\/div><\/div><\/div>\n\n\n\n<div class=\"wp-block-gutenverse-column guten-element guten-column guten-OH9bPJ animated guten-element-hide desktop-fadeInUp\"><div class=\"guten-background-overlay\"><\/div><div class=\"sticky-wrapper\" data-id=\"OH9bPJ\"><div class=\"guten-column-wrapper\">\n<div class=\"guten-element guten-PIoali animated guten-element-hide desktop-fadeInUp guten-icon-box icon-position-undefined\"><div class=\"guten-icon-box-wrapper hover-from-left\"><div class=\"icon-box icon-box-header\"><div class=\"icon style-color\"><a class=\"\" href=\"#impact-implementation\"><i class=\"fas fa-search-dollar\"><\/i><\/a><\/div><\/div><div class=\"icon-box icon-box-body\"><a class=\"\" href=\"#impact-implementation\"><h3 class=\"title\">Auswirkungen<\/h3><\/a><p class=\"icon-box-description\">Umsetzung der Auswirkungen (CAPEX &amp; spezifisches Tooling) mit Projektmanagement als Dienstleistung <\/p><\/div><\/div><\/div>\n<\/div><\/div><\/div>\n\n\n\n<div class=\"wp-block-gutenverse-column guten-element guten-column guten-luTHCH\"><div class=\"guten-background-overlay\"><\/div><div class=\"sticky-wrapper\" data-id=\"luTHCH\"><div class=\"guten-column-wrapper\">\n<div class=\"guten-element guten-MJzWSP animated guten-element-hide desktop-fadeInUp guten-icon-box icon-position-undefined\"><div class=\"guten-icon-box-wrapper hover-from-left\"><div class=\"icon-box icon-box-header\"><div class=\"icon style-color\"><a class=\"\" href=\"#optimised-kpis\"><i class=\"fas fa-traffic-light\"><\/i><\/a><\/div><\/div><div class=\"icon-box icon-box-body\"><a class=\"\" href=\"#optimised-kpis\"><h3 class=\"title\">KPIs<\/h3><\/a><p class=\"icon-box-description\">Optimierte KPIs ( Taktzeiten, Kapazit\u00e4t, Produktivit\u00e4t, CAPEX &amp; spezifische Tooling-Einsparungen)<\/p><\/div><\/div><\/div>\n<\/div><\/div><\/div>\n<\/div><\/section><\/div>\n<\/div><\/div><\/div>\n<\/div><\/section><\/div>\n\n\n\n<div class=\"section-wrapper\" data-id=\"YFewzP\"><section class=\"wp-block-gutenverse-section guten-element guten-section guten-YFewzP layout-boxed align-stretch\"><div class=\"guten-background-overlay\"><\/div><div class=\"guten-shape-divider guten-shape-divider-top\"><\/div><div class=\"guten-shape-divider guten-shape-divider-bottom\"><\/div><div class=\"guten-container guten-column-gap-default\">\n<div class=\"wp-block-gutenverse-column guten-element guten-column guten-6zDVjP\" id=\"feasibility-analysis\"><div class=\"guten-background-overlay\"><\/div><div class=\"sticky-wrapper\" data-id=\"6zDVjP\"><div class=\"guten-column-wrapper\">\n<div class=\"section-wrapper\" data-id=\"Rt8soc\"><section class=\"wp-block-gutenverse-section guten-element guten-section guten-Rt8soc layout-boxed align-stretch\"><div class=\"guten-background-overlay\"><\/div><div class=\"guten-shape-divider guten-shape-divider-top\"><\/div><div class=\"guten-shape-divider guten-shape-divider-bottom\"><\/div><div class=\"guten-container guten-column-gap-no\">\n<div class=\"wp-block-gutenverse-column guten-element guten-column guten-WCjYOm animated guten-element-hide desktop-fadeInLeft\"><div class=\"guten-background-overlay\"><\/div><div class=\"sticky-wrapper\" data-id=\"WCjYOm\"><div class=\"guten-column-wrapper\">\n<div class=\"guten-element guten-spacer guten-KT6Bk0\"><\/div>\n<\/div><\/div><\/div>\n\n\n\n<div class=\"wp-block-gutenverse-column guten-element guten-column guten-GfTrB2\"><div class=\"guten-background-overlay\"><\/div><div class=\"sticky-wrapper\" data-id=\"GfTrB2\"><div class=\"guten-column-wrapper\">\n<h2 class=\"wp-block-gutenverse-heading guten-element guten-pbrNeD animated guten-element-hide desktop-fadeInRight\">Machbarkeit<\/h2>\n\n\n\n<div class=\"guten-element gutenverse-text-editor guten-iv9Pmu animated guten-element-hide desktop-fadeInRight\"><div class=\"text-content-inner\">\n<p class=\"has-zeever-third-color has-text-color\">Machbarkeitsanalyse der Bearbeitung mit dem verf\u00fcgbaren Roboter f\u00fcr die geforderten Toleranzen und die vorgeschlagene Bearbeitungsstrategie.<\/p>\n<\/div><\/div>\n<\/div><\/div><\/div>\n<\/div><\/section><\/div>\n<\/div><\/div><\/div>\n<\/div><\/section><\/div>\n\n\n\n<div class=\"section-wrapper\" data-id=\"IOPfh5\"><section class=\"wp-block-gutenverse-section guten-element guten-section guten-IOPfh5 layout-boxed align-stretch\"><div class=\"guten-background-overlay\"><\/div><div class=\"guten-shape-divider guten-shape-divider-top\"><\/div><div class=\"guten-shape-divider guten-shape-divider-bottom\"><\/div><div class=\"guten-container guten-column-gap-default\">\n<div class=\"wp-block-gutenverse-column guten-element guten-column guten-jdMG1h\" id=\"machining-strategy\"><div class=\"guten-background-overlay\"><\/div><div class=\"sticky-wrapper\" data-id=\"jdMG1h\"><div class=\"guten-column-wrapper\">\n<div class=\"section-wrapper\" data-id=\"r86S4Z\"><section class=\"wp-block-gutenverse-section guten-element guten-section guten-r86S4Z layout-boxed align-stretch\"><div class=\"guten-background-overlay\"><\/div><div class=\"guten-shape-divider guten-shape-divider-top\"><\/div><div class=\"guten-shape-divider guten-shape-divider-bottom\"><\/div><div class=\"guten-container guten-column-gap-no\">\n<div class=\"wp-block-gutenverse-column guten-element guten-column guten-rOkHQw\"><div class=\"guten-background-overlay\"><\/div><div class=\"sticky-wrapper\" data-id=\"rOkHQw\"><div class=\"guten-column-wrapper\">\n<h2 class=\"wp-block-gutenverse-heading guten-element guten-N38v1d animated guten-element-hide desktop-fadeInLeft\">Bearbeitungs-strategie <\/h2>\n\n\n\n<div class=\"guten-element gutenverse-text-editor guten-GMVWpa animated guten-element-hide desktop-fadeInLeft\"><div class=\"text-content-inner\">\n<p class=\"has-zeever-third-color has-text-color\">Optimierte Bearbeitungsstrategie im Bearbeitungszentrum durch Freigabe der an den Roboter zu \u00fcbertragenden Operationen. Von 0 bis optimal oder vom aktuellen Status bis optimal, mit detaillierten Bearbeitungsparametern und Bewegungen.<\/p>\n<\/div><\/div>\n<\/div><\/div><\/div>\n\n\n\n<div class=\"wp-block-gutenverse-column guten-element guten-column guten-E065VF animated guten-element-hide desktop-fadeInRight\"><div class=\"guten-background-overlay\"><\/div><div class=\"sticky-wrapper\" data-id=\"E065VF\"><div class=\"guten-column-wrapper\">\n<div class=\"guten-element guten-spacer guten-gQ70UZ\"><\/div>\n<\/div><\/div><\/div>\n<\/div><\/section><\/div>\n<\/div><\/div><\/div>\n<\/div><\/section><\/div>\n\n\n\n<div class=\"section-wrapper\" data-id=\"W0xr1e\"><section class=\"wp-block-gutenverse-section guten-element guten-section guten-W0xr1e layout-boxed align-stretch\"><div class=\"guten-background-overlay\"><\/div><div class=\"guten-shape-divider guten-shape-divider-top\"><\/div><div class=\"guten-shape-divider guten-shape-divider-bottom\"><\/div><div class=\"guten-container guten-column-gap-default\">\n<div class=\"wp-block-gutenverse-column guten-element guten-column guten-ONolp7\" id=\"robot-strategy\"><div class=\"guten-background-overlay\"><\/div><div class=\"sticky-wrapper\" data-id=\"ONolp7\"><div class=\"guten-column-wrapper\">\n<div class=\"section-wrapper\" data-id=\"a6A3ul\"><section class=\"wp-block-gutenverse-section guten-element guten-section guten-a6A3ul layout-boxed align-stretch\"><div class=\"guten-background-overlay\"><\/div><div class=\"guten-shape-divider guten-shape-divider-top\"><\/div><div class=\"guten-shape-divider guten-shape-divider-bottom\"><\/div><div class=\"guten-container guten-column-gap-no\">\n<div class=\"wp-block-gutenverse-column guten-element guten-column guten-iNRJx6 animated guten-element-hide desktop-fadeInLeft\"><div class=\"guten-background-overlay\"><\/div><div class=\"sticky-wrapper\" data-id=\"iNRJx6\"><div class=\"guten-column-wrapper\">\n<div class=\"guten-element guten-spacer guten-CqHZY1\"><\/div>\n<\/div><\/div><\/div>\n\n\n\n<div class=\"wp-block-gutenverse-column guten-element guten-column guten-lMi3SQ\"><div class=\"guten-background-overlay\"><\/div><div class=\"sticky-wrapper\" data-id=\"lMi3SQ\"><div class=\"guten-column-wrapper\">\n<h2 class=\"wp-block-gutenverse-heading guten-element guten-Pvyg1K animated guten-element-hide desktop-fadeInRight\">Roboter-Strategie<\/h2>\n\n\n\n<div class=\"guten-element gutenverse-text-editor guten-Snaw4c animated guten-element-hide desktop-fadeInRight\"><div class=\"text-content-inner\">\n<p class=\"has-zeever-third-color has-text-color\">Roboterkonfigurationen f\u00fcr den Bearbeitungsprozess und die Bearbeitungsparameter zur Einhaltung der geforderten Toleranzen.<\/p>\n<\/div><\/div>\n<\/div><\/div><\/div>\n<\/div><\/section><\/div>\n<\/div><\/div><\/div>\n<\/div><\/section><\/div>\n\n\n\n<div class=\"section-wrapper\" data-id=\"e7gShe\"><section class=\"wp-block-gutenverse-section guten-element guten-section guten-e7gShe layout-boxed align-stretch\"><div class=\"guten-background-overlay\"><\/div><div class=\"guten-shape-divider guten-shape-divider-top\"><\/div><div class=\"guten-shape-divider guten-shape-divider-bottom\"><\/div><div class=\"guten-container guten-column-gap-default\">\n<div class=\"wp-block-gutenverse-column guten-element guten-column guten-ZJrpI4\" id=\"potential-optimisations\"><div class=\"guten-background-overlay\"><\/div><div class=\"sticky-wrapper\" data-id=\"ZJrpI4\"><div class=\"guten-column-wrapper\">\n<div class=\"section-wrapper\" data-id=\"4qkaWg\"><section class=\"wp-block-gutenverse-section guten-element guten-section guten-4qkaWg layout-boxed align-stretch\"><div class=\"guten-background-overlay\"><\/div><div class=\"guten-shape-divider guten-shape-divider-top\"><\/div><div class=\"guten-shape-divider guten-shape-divider-bottom\"><\/div><div class=\"guten-container guten-column-gap-no\">\n<div class=\"wp-block-gutenverse-column guten-element guten-column guten-lpNCxB\"><div class=\"guten-background-overlay\"><\/div><div class=\"sticky-wrapper\" data-id=\"lpNCxB\"><div class=\"guten-column-wrapper\">\n<h2 class=\"wp-block-gutenverse-heading guten-element guten-4ui3uf animated guten-element-hide desktop-fadeInLeft\">Optimierungen<\/h2>\n\n\n\n<div class=\"guten-element gutenverse-text-editor guten-yJGXWR animated guten-element-hide desktop-fadeInLeft\"><div class=\"text-content-inner\">\n<p class=\"has-zeever-third-color has-text-color\">Verbesserungen der Bearbeitungs-, Werkst\u00fcck- und Zellenparameter zur Maximierung der Prozessoptimierung. <\/p>\n<\/div><\/div>\n<\/div><\/div><\/div>\n\n\n\n<div class=\"wp-block-gutenverse-column guten-element guten-column guten-KtIrSv animated guten-element-hide desktop-fadeInRight\"><div class=\"guten-background-overlay\"><\/div><div class=\"sticky-wrapper\" data-id=\"KtIrSv\"><div class=\"guten-column-wrapper\">\n<div class=\"guten-element guten-spacer guten-VvTrWs\"><\/div>\n<\/div><\/div><\/div>\n<\/div><\/section><\/div>\n<\/div><\/div><\/div>\n<\/div><\/section><\/div>\n\n\n\n<div class=\"section-wrapper\" data-id=\"qSXYye\"><section class=\"wp-block-gutenverse-section guten-element guten-section guten-qSXYye layout-boxed align-stretch\"><div class=\"guten-background-overlay\"><\/div><div class=\"guten-shape-divider guten-shape-divider-top\"><\/div><div class=\"guten-shape-divider guten-shape-divider-bottom\"><\/div><div class=\"guten-container guten-column-gap-default\">\n<div class=\"wp-block-gutenverse-column guten-element guten-column guten-GswF4A\" id=\"impact-implementation\"><div class=\"guten-background-overlay\"><\/div><div class=\"sticky-wrapper\" data-id=\"GswF4A\"><div class=\"guten-column-wrapper\">\n<div class=\"section-wrapper\" data-id=\"8QWeqt\"><section class=\"wp-block-gutenverse-section guten-element guten-section guten-8QWeqt layout-boxed align-stretch\"><div class=\"guten-background-overlay\"><\/div><div class=\"guten-shape-divider guten-shape-divider-top\"><\/div><div class=\"guten-shape-divider guten-shape-divider-bottom\"><\/div><div class=\"guten-container guten-column-gap-no\">\n<div class=\"wp-block-gutenverse-column guten-element guten-column guten-bYJFVF animated guten-element-hide desktop-fadeInLeft\"><div class=\"guten-background-overlay\"><\/div><div class=\"sticky-wrapper\" data-id=\"bYJFVF\"><div class=\"guten-column-wrapper\">\n<div class=\"guten-element guten-spacer guten-IgVvSM\"><\/div>\n<\/div><\/div><\/div>\n\n\n\n<div class=\"wp-block-gutenverse-column guten-element guten-column guten-zyMDUG\"><div class=\"guten-background-overlay\"><\/div><div class=\"sticky-wrapper\" data-id=\"zyMDUG\"><div class=\"guten-column-wrapper\">\n<h2 class=\"wp-block-gutenverse-heading guten-element guten-G1EbTp animated guten-element-hide desktop-fadeInRight\">Auswirkungen<\/h2>\n\n\n\n<div class=\"guten-element gutenverse-text-editor guten-q7D4uO animated guten-element-hide desktop-fadeInRight\"><div class=\"text-content-inner\">\n<p class=\"has-zeever-third-color has-text-color\">Kostenanalyse (falls erforderlich) in CAPEX und spezifische Tooling f\u00fcr die Implementierung.<\/p>\n<\/div><\/div>\n<\/div><\/div><\/div>\n<\/div><\/section><\/div>\n<\/div><\/div><\/div>\n<\/div><\/section><\/div>\n\n\n\n<div class=\"section-wrapper\" data-id=\"bgh1AZ\"><section class=\"wp-block-gutenverse-section guten-element guten-section guten-bgh1AZ layout-boxed align-stretch\"><div class=\"guten-background-overlay\"><\/div><div class=\"guten-shape-divider guten-shape-divider-top\"><\/div><div class=\"guten-shape-divider guten-shape-divider-bottom\"><\/div><div class=\"guten-container guten-column-gap-default\">\n<div class=\"wp-block-gutenverse-column guten-element guten-column guten-z6ci2b\" id=\"optimised-kpis\"><div class=\"guten-background-overlay\"><\/div><div class=\"sticky-wrapper\" data-id=\"z6ci2b\"><div class=\"guten-column-wrapper\">\n<div class=\"section-wrapper\" data-id=\"gDCyUY\"><section class=\"wp-block-gutenverse-section guten-element guten-section guten-gDCyUY layout-boxed align-stretch\"><div class=\"guten-background-overlay\"><\/div><div class=\"guten-shape-divider guten-shape-divider-top\"><\/div><div class=\"guten-shape-divider guten-shape-divider-bottom\"><\/div><div class=\"guten-container guten-column-gap-no\">\n<div class=\"wp-block-gutenverse-column guten-element guten-column guten-qVdYrH\"><div class=\"guten-background-overlay\"><\/div><div class=\"sticky-wrapper\" data-id=\"qVdYrH\"><div class=\"guten-column-wrapper\">\n<h2 class=\"wp-block-gutenverse-heading guten-element guten-2wE1xB animated guten-element-hide desktop-fadeInLeft\">KPIs<\/h2>\n\n\n\n<div class=\"guten-element gutenverse-text-editor guten-dVdWiF animated guten-element-hide desktop-fadeInLeft\"><div class=\"text-content-inner\">\n<p class=\"has-zeever-third-color has-text-color\">Aufschl\u00fcsselung der Optimierungen bei den KPIs vor der Verbesserung, nach der Verbesserung und mit den festgestellten zus\u00e4tzlichen Verbesserungen.<\/p>\n<\/div><\/div>\n<\/div><\/div><\/div>\n\n\n\n<div class=\"wp-block-gutenverse-column guten-element guten-column guten-MzsXVS animated guten-element-hide desktop-fadeInRight\"><div class=\"guten-background-overlay\"><\/div><div class=\"sticky-wrapper\" data-id=\"MzsXVS\"><div class=\"guten-column-wrapper\">\n<div class=\"guten-element guten-spacer guten-hMbAEY\"><\/div>\n<\/div><\/div><\/div>\n<\/div><\/section><\/div>\n<\/div><\/div><\/div>\n<\/div><\/section><\/div>","protected":false},"excerpt":{"rendered":"","protected":false},"author":1,"featured_media":0,"parent":0,"menu_order":0,"comment_status":"closed","ping_status":"closed","template":"wp-custom-template-solution-pm-2-r","meta":{"jetpack_post_was_ever_published":true,"footnotes":""},"class_list":["post-273","page","type-page","status-publish","hentry"],"jetpack-related-posts":[],"jetpack_sharing_enabled":true,"_links":{"self":[{"href":"https:\/\/pmrobots.com\/de\/wp-json\/wp\/v2\/pages\/273","targetHints":{"allow":["GET"]}}],"collection":[{"href":"https:\/\/pmrobots.com\/de\/wp-json\/wp\/v2\/pages"}],"about":[{"href":"https:\/\/pmrobots.com\/de\/wp-json\/wp\/v2\/types\/page"}],"author":[{"embeddable":true,"href":"https:\/\/pmrobots.com\/de\/wp-json\/wp\/v2\/users\/1"}],"replies":[{"embeddable":true,"href":"https:\/\/pmrobots.com\/de\/wp-json\/wp\/v2\/comments?post=273"}],"version-history":[{"count":60,"href":"https:\/\/pmrobots.com\/de\/wp-json\/wp\/v2\/pages\/273\/revisions"}],"predecessor-version":[{"id":1831,"href":"https:\/\/pmrobots.com\/de\/wp-json\/wp\/v2\/pages\/273\/revisions\/1831"}],"wp:attachment":[{"href":"https:\/\/pmrobots.com\/de\/wp-json\/wp\/v2\/media?parent=273"}],"curies":[{"name":"wp","href":"https:\/\/api.w.org\/{rel}","templated":true}]}}